{"id":8375,"date":"2020-12-21T19:42:46","date_gmt":"2020-12-21T19:42:46","guid":{"rendered":"https:\/\/www.osteo-marbella.com\/services\/therapie-par-les-ventouses\/"},"modified":"2023-07-23T19:54:35","modified_gmt":"2023-07-23T19:54:35","slug":"ventosaterapia","status":"publish","type":"page","link":"https:\/\/www.osteo-marbella.com\/es\/servicios\/ventosaterapia\/","title":{"rendered":"Ventosaterapia"},"content":{"rendered":"<div id=\"pl-8375\"  class=\"panel-layout\" ><div id=\"pg-8375-0\"  class=\"panel-grid panel-no-style\" ><div id=\"pgc-8375-0-0\"  class=\"panel-grid-cell\" ><div id=\"panel-8375-0-0-0\" class=\"so-panel widget widget_sow-editor panel-first-child panel-last-child\" data-index=\"0\" ><div\n\t\t\t\n\t\t\tclass=\"so-widget-sow-editor so-widget-sow-editor-base\"\n\t\t\t\n\t\t>\n<div class=\"siteorigin-widget-tinymce textwidget\">\n\t<p>\u00a1Una pr\u00e1ctica que existe desde hace m\u00e1s de 5000 a\u00f1os y en todas las culturas!<\/p>\n<p>Las marcas que se pueden observar en la espalda de los deportistas (nadadores, crossfitters, etc.) suelen despertar nuestra curiosidad. Al parecer, los deportistas que utilizan esta terapia encuentran muchos beneficios. Al igual que estos atletas, cada vez m\u00e1s personas tambi\u00e9n utilizan esta pr\u00e1ctica.<\/p>\n<p>Algunos de los beneficios incluyen lo siguiente:<\/p>\n<ul>\n<li>desestresante<\/li>\n<li>mejorar el sue\u00f1o<\/li>\n<li>mejora la digesti\u00f3n<\/li>\n<li>mejora el aspecto de la piel<\/li>\n<li>relajante muscular<\/li>\n<li>estimula el sistema inmunol\u00f3gico<\/li>\n<li>...<\/li>\n<\/ul>\n<hr \/>\n<\/div>\n<\/div><\/div><\/div><\/div><div id=\"pg-8375-1\"  class=\"panel-grid panel-no-style\" ><div id=\"pgc-8375-1-0\"  class=\"panel-grid-cell\" ><div id=\"panel-8375-1-0-0\" class=\"so-panel widget widget_media_image panel-first-child\" data-index=\"1\" ><a href=\"https:\/\/www.osteo-marbella.com\/wp-content\/uploads\/2023\/07\/cupping-therapy.jpg\"><img loading=\"lazy\" decoding=\"async\" width=\"851\" height=\"567\" src=\"https:\/\/www.osteo-marbella.com\/wp-content\/uploads\/2023\/07\/cupping-therapy.jpg\" class=\"image wp-image-8055  attachment-full size-full\" alt=\"\" style=\"max-width: 100%; height: auto;\" srcset=\"https:\/\/www.osteo-marbella.com\/wp-content\/uploads\/2023\/07\/cupping-therapy.jpg 851w, https:\/\/www.osteo-marbella.com\/wp-content\/uploads\/2023\/07\/cupping-therapy-300x200.jpg 300w, https:\/\/www.osteo-marbella.com\/wp-content\/uploads\/2023\/07\/cupping-therapy-768x512.jpg 768w, https:\/\/www.osteo-marbella.com\/wp-content\/uploads\/2023\/07\/cupping-therapy-360x240.jpg 360w, https:\/\/www.osteo-marbella.com\/wp-content\/uploads\/2023\/07\/cupping-therapy-600x400.jpg 600w, https:\/\/www.osteo-marbella.com\/wp-content\/uploads\/2023\/07\/cupping-therapy-272x182.jpg 272w\" sizes=\"auto, (max-width: 851px) 100vw, 851px\" \/><\/a><\/div><div id=\"panel-8375-1-0-1\" class=\"so-panel widget widget_media_image panel-last-child\" data-index=\"2\" ><a href=\"https:\/\/www.osteo-marbella.com\/wp-content\/uploads\/2023\/07\/cupping-therapy-sc.jpg\"><img loading=\"lazy\" decoding=\"async\" width=\"851\" height=\"567\" src=\"https:\/\/www.osteo-marbella.com\/wp-content\/uploads\/2023\/07\/cupping-therapy-sc.jpg\" class=\"image wp-image-8056  attachment-full size-full\" alt=\"\" style=\"max-width: 100%; height: auto;\" srcset=\"https:\/\/www.osteo-marbella.com\/wp-content\/uploads\/2023\/07\/cupping-therapy-sc.jpg 851w, https:\/\/www.osteo-marbella.com\/wp-content\/uploads\/2023\/07\/cupping-therapy-sc-300x200.jpg 300w, https:\/\/www.osteo-marbella.com\/wp-content\/uploads\/2023\/07\/cupping-therapy-sc-768x512.jpg 768w, https:\/\/www.osteo-marbella.com\/wp-content\/uploads\/2023\/07\/cupping-therapy-sc-360x240.jpg 360w, https:\/\/www.osteo-marbella.com\/wp-content\/uploads\/2023\/07\/cupping-therapy-sc-600x400.jpg 600w, https:\/\/www.osteo-marbella.com\/wp-content\/uploads\/2023\/07\/cupping-therapy-sc-272x182.jpg 272w\" sizes=\"auto, (max-width: 851px) 100vw, 851px\" \/><\/a><\/div><\/div><div id=\"pgc-8375-1-1\"  class=\"panel-grid-cell\" ><div id=\"panel-8375-1-1-0\" class=\"so-panel widget widget_sow-editor panel-first-child panel-last-child\" data-index=\"3\" ><div\n\t\t\t\n\t\t\tclass=\"so-widget-sow-editor so-widget-sow-editor-base\"\n\t\t\t\n\t\t>\n<div class=\"siteorigin-widget-tinymce textwidget\">\n\t<p><span style=\"color: #56afd5; font-size: 15px;\"><strong>\u00bfTerapia de cataci\u00f3n?<\/strong><\/span><\/p>\n<p>Tambi\u00e9n conocida como \"terapia de ventosas\" o \"Hijama\". Con su efecto de succi\u00f3n, las ventosas descongestionan los m\u00fasculos y mejoran la circulaci\u00f3n. Esta pr\u00e1ctica ancestral promueve la eliminaci\u00f3n de los desechos metab\u00f3licos a trav\u00e9s del sistema linf\u00e1tico. Esta pr\u00e1ctica mejora la recuperaci\u00f3n y alivia dolores como migra\u00f1as, tendinitis, dolores cr\u00f3nicos,...<\/p>\n<p><span style=\"color: #56afd5; font-size: 15px;\"><strong>Las diferentes t\u00e9cnicas de la ventosaterapia<\/strong><\/span><\/p>\n<ul>\n<li>Ventosas secas : ventosas secas con un tiempo de exposici\u00f3n de +- 20 minutos<\/li>\n<li>Ventosas en movimiento : ventosas en seco + aceite, hacemos un movimiento en S<\/li>\n<li>Flash cupping : la ventosas se colocan y retiran r\u00e1pidamente<\/li>\n<li>Ventosas con rasgu\u00f1os (hijama): extracci\u00f3n de desechos metab\u00f3licos<\/li>\n<\/ul>\n<p>Las ventosas se aplicar\u00e1n en zonas de tensi\u00f3n como los goznes c\u00e9rvico-tor\u00e1cicos, toraco-lumbares, etc.<\/p>\n<\/div>\n<\/div><\/div><\/div><\/div><\/div>","protected":false},"excerpt":{"rendered":"<p>\u00a1Una pr\u00e1ctica que existe desde hace m\u00e1s de 5000 a\u00f1os y en todas las culturas! Las marcas que se pueden observar en la espalda de los deportistas (nadadores, crossfitters, etc.) suelen despertar nuestra curiosidad. Al parecer, los deportistas que utilizan esta terapia encuentran muchos beneficios. Al igual que estos atletas, cada vez m\u00e1s personas tambi\u00e9n [&hellip;]<\/p>\n","protected":false},"author":1,"featured_media":8252,"parent":8352,"menu_order":0,"comment_status":"closed","ping_status":"closed","template":"","meta":{"footnotes":""},"class_list":["post-8375","page","type-page","status-publish","has-post-thumbnail","hentry"],"acf":[],"_links":{"self":[{"href":"https:\/\/www.osteo-marbella.com\/es\/wp-json\/wp\/v2\/pages\/8375","targetHints":{"allow":["GET"]}}],"collection":[{"href":"https:\/\/www.osteo-marbella.com\/es\/wp-json\/wp\/v2\/pages"}],"about":[{"href":"https:\/\/www.osteo-marbella.com\/es\/wp-json\/wp\/v2\/types\/page"}],"author":[{"embeddable":true,"href":"https:\/\/www.osteo-marbella.com\/es\/wp-json\/wp\/v2\/users\/1"}],"replies":[{"embeddable":true,"href":"https:\/\/www.osteo-marbella.com\/es\/wp-json\/wp\/v2\/comments?post=8375"}],"version-history":[{"count":7,"href":"https:\/\/www.osteo-marbella.com\/es\/wp-json\/wp\/v2\/pages\/8375\/revisions"}],"predecessor-version":[{"id":8661,"href":"https:\/\/www.osteo-marbella.com\/es\/wp-json\/wp\/v2\/pages\/8375\/revisions\/8661"}],"up":[{"embeddable":true,"href":"https:\/\/www.osteo-marbella.com\/es\/wp-json\/wp\/v2\/pages\/8352"}],"wp:featuredmedia":[{"embeddable":true,"href":"https:\/\/www.osteo-marbella.com\/es\/wp-json\/wp\/v2\/media\/8252"}],"wp:attachment":[{"href":"https:\/\/www.osteo-marbella.com\/es\/wp-json\/wp\/v2\/media?parent=8375"}],"curies":[{"name":"wp","href":"https:\/\/api.w.org\/{rel}","templated":true}]}}