{"id":8300,"date":"2020-12-21T19:42:19","date_gmt":"2020-12-21T19:42:19","guid":{"rendered":"https:\/\/www.osteo-marbella.com\/massage-osteo\/"},"modified":"2023-07-24T21:08:03","modified_gmt":"2023-07-24T21:08:03","slug":"osteo-massage","status":"publish","type":"page","link":"https:\/\/www.osteo-marbella.com\/fr\/prestations\/osteo-massage\/","title":{"rendered":"Osteo Massage"},"content":{"rendered":"<div id=\"pl-8300\"  class=\"panel-layout\" ><div id=\"pg-8300-0\"  class=\"panel-grid panel-no-style\" ><div id=\"pgc-8300-0-0\"  class=\"panel-grid-cell\" ><div id=\"panel-8300-0-0-0\" class=\"so-panel widget widget_sow-editor panel-first-child panel-last-child\" data-index=\"0\" ><div\n\t\t\t\n\t\t\tclass=\"so-widget-sow-editor so-widget-sow-editor-base\"\n\t\t\t\n\t\t>\n<div class=\"siteorigin-widget-tinymce textwidget\">\n\t<p><span style=\"font-size: 16px;\">La massoth\u00e9rapie utilise une vari\u00e9t\u00e9 de techniques pour manipuler les articulations et les tissus mous afin d\u2019am\u00e9liorer la sant\u00e9 globale de votre corps. Le massage augmente l'apport d'oxyg\u00e8ne et de nutriments du corps \u00e0 vos muscles, ce qui aide \u00e0 \u00e9liminer les d\u00e9chets du tissu musculaire. Le massage acc\u00e9l\u00e8re \u00e9galement la capacit\u00e9 naturelle de votre corps \u00e0 se gu\u00e9rir.<\/span><\/p>\n<p>Ici on va combiner les bienfaits du massage et de l'ost\u00e9opathie, le massage pour le musculaire et l'ost\u00e9opathie pour l'articulaire.\u00a0 Vous vous sentirez d\u00e9tendu et plus flexible !<\/p>\n<hr \/>\n<\/div>\n<\/div><\/div><\/div><\/div><div id=\"pg-8300-1\"  class=\"panel-grid panel-no-style\" ><div id=\"pgc-8300-1-0\"  class=\"panel-grid-cell\" ><div id=\"panel-8300-1-0-0\" class=\"so-panel widget widget_media_image panel-first-child\" data-index=\"1\" ><a href=\"https:\/\/www.osteo-marbella.com\/wp-content\/uploads\/2023\/07\/massage-therapy.jpg\"><img loading=\"lazy\" decoding=\"async\" width=\"851\" height=\"567\" src=\"https:\/\/www.osteo-marbella.com\/wp-content\/uploads\/2023\/07\/massage-therapy.jpg\" class=\"image wp-image-8065  attachment-full size-full\" alt=\"\" style=\"max-width: 100%; height: auto;\" srcset=\"https:\/\/www.osteo-marbella.com\/wp-content\/uploads\/2023\/07\/massage-therapy.jpg 851w, https:\/\/www.osteo-marbella.com\/wp-content\/uploads\/2023\/07\/massage-therapy-300x200.jpg 300w, https:\/\/www.osteo-marbella.com\/wp-content\/uploads\/2023\/07\/massage-therapy-768x512.jpg 768w, https:\/\/www.osteo-marbella.com\/wp-content\/uploads\/2023\/07\/massage-therapy-360x240.jpg 360w, https:\/\/www.osteo-marbella.com\/wp-content\/uploads\/2023\/07\/massage-therapy-600x400.jpg 600w, https:\/\/www.osteo-marbella.com\/wp-content\/uploads\/2023\/07\/massage-therapy-272x182.jpg 272w\" sizes=\"auto, (max-width: 851px) 100vw, 851px\" \/><\/a><\/div><div id=\"panel-8300-1-0-1\" class=\"so-panel widget widget_sow-editor panel-last-child\" data-index=\"2\" ><div\n\t\t\t\n\t\t\tclass=\"so-widget-sow-editor so-widget-sow-editor-base\"\n\t\t\t\n\t\t>\n<div class=\"siteorigin-widget-tinymce textwidget\">\n\t<p><strong><span style=\"color: #56afd5; font-size: 15px;\">Massage th\u00e9rapeutique<\/span><\/strong><\/p>\n<p>Les bienfaits du massage th\u00e9rapeutique : Diminution des douleurs musculaires ou des inconforts am\u00e9liore la flexibilit\u00e9 et la souplesse des tissus (muscles, fascias,...) R\u00e9cup\u00e9ration plus rapide apr\u00e8s un entra\u00eenement.<\/p>\n<\/div>\n<\/div><\/div><\/div><div id=\"pgc-8300-1-1\"  class=\"panel-grid-cell\" ><div id=\"panel-8300-1-1-0\" class=\"so-panel widget widget_media_image panel-first-child\" data-index=\"3\" ><a href=\"https:\/\/www.osteo-marbella.com\/wp-content\/uploads\/2023\/07\/deep-tissue-massage.jpg\"><img loading=\"lazy\" decoding=\"async\" width=\"851\" height=\"567\" src=\"https:\/\/www.osteo-marbella.com\/wp-content\/uploads\/2023\/07\/deep-tissue-massage.jpg\" class=\"image wp-image-8068  attachment-full size-full\" alt=\"\" style=\"max-width: 100%; height: auto;\" srcset=\"https:\/\/www.osteo-marbella.com\/wp-content\/uploads\/2023\/07\/deep-tissue-massage.jpg 851w, https:\/\/www.osteo-marbella.com\/wp-content\/uploads\/2023\/07\/deep-tissue-massage-300x200.jpg 300w, https:\/\/www.osteo-marbella.com\/wp-content\/uploads\/2023\/07\/deep-tissue-massage-768x512.jpg 768w, https:\/\/www.osteo-marbella.com\/wp-content\/uploads\/2023\/07\/deep-tissue-massage-360x240.jpg 360w, https:\/\/www.osteo-marbella.com\/wp-content\/uploads\/2023\/07\/deep-tissue-massage-600x400.jpg 600w, https:\/\/www.osteo-marbella.com\/wp-content\/uploads\/2023\/07\/deep-tissue-massage-272x182.jpg 272w\" sizes=\"auto, (max-width: 851px) 100vw, 851px\" \/><\/a><\/div><div id=\"panel-8300-1-1-1\" class=\"so-panel widget widget_sow-editor panel-last-child\" data-index=\"4\" ><div\n\t\t\t\n\t\t\tclass=\"so-widget-sow-editor so-widget-sow-editor-base\"\n\t\t\t\n\t\t>\n<div class=\"siteorigin-widget-tinymce textwidget\">\n\t<p><strong><span style=\"color: #56afd5; font-size: 15px;\">Massage deep tissue<\/span><\/strong><\/p>\n<p>Ce massage du corps tonique est r\u00e9alis\u00e9 sur l'ensemble de votre corps en insistant sur les zones de tensions. Cette m\u00e9thode intervient au niveau des structures profondes des muscles et des tissus. Parfaitement adapt\u00e9 au sportifs et artistes du spectacle.<\/p>\n<\/div>\n<\/div><\/div><\/div><\/div><\/div>","protected":false},"excerpt":{"rendered":"<p>Massage therapy is a hands-on treatment that involves manipulation of the soft tissue structures of the body to prevent and alleviate pain, discomfort and muscle spasm. Massage therapy also promotes health and wellness.<\/p>\n","protected":false},"author":1,"featured_media":8281,"parent":8351,"menu_order":0,"comment_status":"closed","ping_status":"closed","template":"","meta":{"footnotes":""},"class_list":["post-8300","page","type-page","status-publish","has-post-thumbnail","hentry"],"acf":[],"_links":{"self":[{"href":"https:\/\/www.osteo-marbella.com\/fr\/wp-json\/wp\/v2\/pages\/8300","targetHints":{"allow":["GET"]}}],"collection":[{"href":"https:\/\/www.osteo-marbella.com\/fr\/wp-json\/wp\/v2\/pages"}],"about":[{"href":"https:\/\/www.osteo-marbella.com\/fr\/wp-json\/wp\/v2\/types\/page"}],"author":[{"embeddable":true,"href":"https:\/\/www.osteo-marbella.com\/fr\/wp-json\/wp\/v2\/users\/1"}],"replies":[{"embeddable":true,"href":"https:\/\/www.osteo-marbella.com\/fr\/wp-json\/wp\/v2\/comments?post=8300"}],"version-history":[{"count":5,"href":"https:\/\/www.osteo-marbella.com\/fr\/wp-json\/wp\/v2\/pages\/8300\/revisions"}],"predecessor-version":[{"id":8746,"href":"https:\/\/www.osteo-marbella.com\/fr\/wp-json\/wp\/v2\/pages\/8300\/revisions\/8746"}],"up":[{"embeddable":true,"href":"https:\/\/www.osteo-marbella.com\/fr\/wp-json\/wp\/v2\/pages\/8351"}],"wp:featuredmedia":[{"embeddable":true,"href":"https:\/\/www.osteo-marbella.com\/fr\/wp-json\/wp\/v2\/media\/8281"}],"wp:attachment":[{"href":"https:\/\/www.osteo-marbella.com\/fr\/wp-json\/wp\/v2\/media?parent=8300"}],"curies":[{"name":"wp","href":"https:\/\/api.w.org\/{rel}","templated":true}]}}