{"id":8333,"date":"2020-12-28T20:03:55","date_gmt":"2020-12-28T20:03:55","guid":{"rendered":"https:\/\/www.osteo-marbella.com\/posturotherapie\/"},"modified":"2023-07-20T21:24:48","modified_gmt":"2023-07-20T21:24:48","slug":"posturotherapie","status":"publish","type":"page","link":"https:\/\/www.osteo-marbella.com\/fr\/prestations\/posturotherapie\/","title":{"rendered":"Posturoth\u00e9rapie"},"content":{"rendered":"<div id=\"pl-8333\"  class=\"panel-layout\" ><div id=\"pg-8333-0\"  class=\"panel-grid panel-no-style\" ><div id=\"pgc-8333-0-0\"  class=\"panel-grid-cell\" ><div id=\"panel-8333-0-0-0\" class=\"so-panel widget widget_media_image panel-first-child\" data-index=\"0\" ><a href=\"https:\/\/www.osteo-marbella.com\/wp-content\/uploads\/2023\/07\/posturotherapy.jpg\"><img loading=\"lazy\" decoding=\"async\" width=\"851\" height=\"567\" src=\"https:\/\/www.osteo-marbella.com\/wp-content\/uploads\/2023\/07\/posturotherapy.jpg\" class=\"image wp-image-8093  attachment-full size-full\" alt=\"\" style=\"max-width: 100%; height: auto;\" srcset=\"https:\/\/www.osteo-marbella.com\/wp-content\/uploads\/2023\/07\/posturotherapy.jpg 851w, https:\/\/www.osteo-marbella.com\/wp-content\/uploads\/2023\/07\/posturotherapy-300x200.jpg 300w, https:\/\/www.osteo-marbella.com\/wp-content\/uploads\/2023\/07\/posturotherapy-768x512.jpg 768w, https:\/\/www.osteo-marbella.com\/wp-content\/uploads\/2023\/07\/posturotherapy-360x240.jpg 360w, https:\/\/www.osteo-marbella.com\/wp-content\/uploads\/2023\/07\/posturotherapy-600x400.jpg 600w, https:\/\/www.osteo-marbella.com\/wp-content\/uploads\/2023\/07\/posturotherapy-272x182.jpg 272w\" sizes=\"auto, (max-width: 851px) 100vw, 851px\" \/><\/a><\/div><div id=\"panel-8333-0-0-1\" class=\"so-panel widget widget_media_image panel-last-child\" data-index=\"1\" ><a href=\"https:\/\/www.osteo-marbella.com\/wp-content\/uploads\/2023\/07\/osteopathy-postural.jpg\"><img loading=\"lazy\" decoding=\"async\" width=\"851\" height=\"567\" src=\"https:\/\/www.osteo-marbella.com\/wp-content\/uploads\/2023\/07\/osteopathy-postural.jpg\" class=\"image wp-image-8041  attachment-full size-full\" alt=\"\" style=\"max-width: 100%; height: auto;\" srcset=\"https:\/\/www.osteo-marbella.com\/wp-content\/uploads\/2023\/07\/osteopathy-postural.jpg 851w, https:\/\/www.osteo-marbella.com\/wp-content\/uploads\/2023\/07\/osteopathy-postural-300x200.jpg 300w, https:\/\/www.osteo-marbella.com\/wp-content\/uploads\/2023\/07\/osteopathy-postural-768x512.jpg 768w, https:\/\/www.osteo-marbella.com\/wp-content\/uploads\/2023\/07\/osteopathy-postural-360x240.jpg 360w, https:\/\/www.osteo-marbella.com\/wp-content\/uploads\/2023\/07\/osteopathy-postural-600x400.jpg 600w, https:\/\/www.osteo-marbella.com\/wp-content\/uploads\/2023\/07\/osteopathy-postural-272x182.jpg 272w\" sizes=\"auto, (max-width: 851px) 100vw, 851px\" \/><\/a><\/div><\/div><div id=\"pgc-8333-0-1\"  class=\"panel-grid-cell\" ><div id=\"panel-8333-0-1-0\" class=\"so-panel widget widget_sow-editor panel-first-child panel-last-child\" data-index=\"2\" ><div\n\t\t\t\n\t\t\tclass=\"so-widget-sow-editor so-widget-sow-editor-base\"\n\t\t\t\n\t\t>\n<div class=\"siteorigin-widget-tinymce textwidget\">\n\t<p><span style=\"color: #56afd5; font-size: 15px;\"><strong>Analyse posturale<\/strong><\/span><\/p>\n<p>Plusieurs capteurs posturaux entrent en jeu pour r\u00e9guler notre posture. Les tensions tissulaires que notre corps va subir en r\u00e9ponse \u00e0 notre mode de vie (pratique sportive, port de charge, travail, etc.) vont d\u00e9terminer notre position dans l'espace. Si un ou plusieurs capteurs posturaux sont dysfonctionnels, notre posture sera impact\u00e9e.<\/p>\n<p>Pourquoi avoir une bonne posture ? Car une meilleure synergie entre les syst\u00e8mes, une meilleure coordination et une meilleure r\u00e9partition de la charge corporelle.<\/p>\n<p>Une bonne mobilit\u00e9 articulaire et tissulaire est gage d'une bonne posture sans oublier une harmonie du tonus musculaire antagoniste. On pourrait citer les syndromes crois\u00e9s inf\u00e9rieur et sup\u00e9rieur qui sont dus \u00e0 une surtonicit\u00e9 musculaire d'un c\u00f4t\u00e9 et \u00e0 une sous-tonicit\u00e9 musculaire de l'autre.<\/p>\n<p>Un d\u00e9ficit postural peut se traduire par des l\u00e9sions fonctionnelles c'est-\u00e0-dire des douleurs du dos, de la hanche, de l'\u00e9paule, etc. qui apparaissent spontan\u00e9ment et progressivement.<\/p>\n<p>En posturologie, nous aurons une approche holistique, afin de r\u00e9guler et permettre un fonctionnement optimal des capteurs posturaux.<\/p>\n<\/div>\n<\/div><\/div><\/div><\/div><\/div>","protected":false},"excerpt":{"rendered":"<p>If an injury at work has impeded your performance in the workplace, our work injury rehabilitation program provides an aggressive yet cautious approach to getting you back to work quickly and at an optimum performance level.<\/p>\n","protected":false},"author":1,"featured_media":8289,"parent":8351,"menu_order":0,"comment_status":"closed","ping_status":"closed","template":"","meta":{"footnotes":""},"class_list":["post-8333","page","type-page","status-publish","has-post-thumbnail","hentry"],"acf":[],"_links":{"self":[{"href":"https:\/\/www.osteo-marbella.com\/fr\/wp-json\/wp\/v2\/pages\/8333","targetHints":{"allow":["GET"]}}],"collection":[{"href":"https:\/\/www.osteo-marbella.com\/fr\/wp-json\/wp\/v2\/pages"}],"about":[{"href":"https:\/\/www.osteo-marbella.com\/fr\/wp-json\/wp\/v2\/types\/page"}],"author":[{"embeddable":true,"href":"https:\/\/www.osteo-marbella.com\/fr\/wp-json\/wp\/v2\/users\/1"}],"replies":[{"embeddable":true,"href":"https:\/\/www.osteo-marbella.com\/fr\/wp-json\/wp\/v2\/comments?post=8333"}],"version-history":[{"count":5,"href":"https:\/\/www.osteo-marbella.com\/fr\/wp-json\/wp\/v2\/pages\/8333\/revisions"}],"predecessor-version":[{"id":8343,"href":"https:\/\/www.osteo-marbella.com\/fr\/wp-json\/wp\/v2\/pages\/8333\/revisions\/8343"}],"up":[{"embeddable":true,"href":"https:\/\/www.osteo-marbella.com\/fr\/wp-json\/wp\/v2\/pages\/8351"}],"wp:featuredmedia":[{"embeddable":true,"href":"https:\/\/www.osteo-marbella.com\/fr\/wp-json\/wp\/v2\/media\/8289"}],"wp:attachment":[{"href":"https:\/\/www.osteo-marbella.com\/fr\/wp-json\/wp\/v2\/media?parent=8333"}],"curies":[{"name":"wp","href":"https:\/\/api.w.org\/{rel}","templated":true}]}}