{"id":8355,"date":"2020-12-28T20:04:07","date_gmt":"2020-12-28T20:04:07","guid":{"rendered":"https:\/\/www.osteo-marbella.com\/services\/therapie-cranio-sacree\/"},"modified":"2023-07-21T12:54:32","modified_gmt":"2023-07-21T12:54:32","slug":"therapie-cranio-sacree","status":"publish","type":"page","link":"https:\/\/www.osteo-marbella.com\/fr\/prestations\/therapie-cranio-sacree\/","title":{"rendered":"Th\u00e9rapie cr\u00e2nio-sacr\u00e9e"},"content":{"rendered":"<div id=\"pl-8355\"  class=\"panel-layout\" ><div id=\"pg-8355-0\"  class=\"panel-grid panel-no-style\" ><div id=\"pgc-8355-0-0\"  class=\"panel-grid-cell\" ><div id=\"panel-8355-0-0-0\" class=\"so-panel widget widget_media_image panel-first-child\" data-index=\"0\" ><a href=\"https:\/\/www.osteo-marbella.com\/wp-content\/uploads\/2023\/07\/massage-cranien-1.jpg\"><img loading=\"lazy\" decoding=\"async\" width=\"850\" height=\"567\" src=\"https:\/\/www.osteo-marbella.com\/wp-content\/uploads\/2023\/07\/massage-cranien-1.jpg\" class=\"image wp-image-8087  attachment-full size-full\" alt=\"\" style=\"max-width: 100%; height: auto;\" srcset=\"https:\/\/www.osteo-marbella.com\/wp-content\/uploads\/2023\/07\/massage-cranien-1.jpg 850w, https:\/\/www.osteo-marbella.com\/wp-content\/uploads\/2023\/07\/massage-cranien-1-300x200.jpg 300w, https:\/\/www.osteo-marbella.com\/wp-content\/uploads\/2023\/07\/massage-cranien-1-768x512.jpg 768w, https:\/\/www.osteo-marbella.com\/wp-content\/uploads\/2023\/07\/massage-cranien-1-360x240.jpg 360w, https:\/\/www.osteo-marbella.com\/wp-content\/uploads\/2023\/07\/massage-cranien-1-600x400.jpg 600w, https:\/\/www.osteo-marbella.com\/wp-content\/uploads\/2023\/07\/massage-cranien-1-272x182.jpg 272w\" sizes=\"auto, (max-width: 850px) 100vw, 850px\" \/><\/a><\/div><div id=\"panel-8355-0-0-1\" class=\"so-panel widget widget_media_image panel-last-child\" data-index=\"1\" ><a href=\"https:\/\/www.osteo-marbella.com\/wp-content\/uploads\/2023\/07\/sacrum.jpg\"><img loading=\"lazy\" decoding=\"async\" width=\"851\" height=\"567\" src=\"https:\/\/www.osteo-marbella.com\/wp-content\/uploads\/2023\/07\/sacrum.jpg\" class=\"image wp-image-8109  attachment-full size-full\" alt=\"\" style=\"max-width: 100%; height: auto;\" srcset=\"https:\/\/www.osteo-marbella.com\/wp-content\/uploads\/2023\/07\/sacrum.jpg 851w, https:\/\/www.osteo-marbella.com\/wp-content\/uploads\/2023\/07\/sacrum-300x200.jpg 300w, https:\/\/www.osteo-marbella.com\/wp-content\/uploads\/2023\/07\/sacrum-768x512.jpg 768w, https:\/\/www.osteo-marbella.com\/wp-content\/uploads\/2023\/07\/sacrum-360x240.jpg 360w, https:\/\/www.osteo-marbella.com\/wp-content\/uploads\/2023\/07\/sacrum-600x400.jpg 600w, https:\/\/www.osteo-marbella.com\/wp-content\/uploads\/2023\/07\/sacrum-272x182.jpg 272w\" sizes=\"auto, (max-width: 851px) 100vw, 851px\" \/><\/a><\/div><\/div><div id=\"pgc-8355-0-1\"  class=\"panel-grid-cell\" ><div id=\"panel-8355-0-1-0\" class=\"so-panel widget widget_sow-editor panel-first-child panel-last-child\" data-index=\"2\" ><div\n\t\t\t\n\t\t\tclass=\"so-widget-sow-editor so-widget-sow-editor-base\"\n\t\t\t\n\t\t>\n<div class=\"siteorigin-widget-tinymce textwidget\">\n\t<p><span style=\"color: #56afd5; font-size: 15px;\"><strong>Qu'est-ce que la th\u00e9rapie cr\u00e2nio-sacr\u00e9e ?<br \/>\n<\/strong><\/span><\/p>\n<p>Il s\u2019agit d\u2019un travail via des techniques structurelles ou tissulaires sur le cr\u00e2ne, le long de la colonne vert\u00e9brale et le sacrum afin de retrouver une bonne mobilit\u00e9 des structures pr\u00e9cit\u00e9es.<\/p>\n<p>Le th\u00e9rapeute va lever les tensions des charni\u00e8res occipito-cervicale, cervico-thoracique, thoraco-lombaire et lombo-sacr\u00e9e par des techniques non douloureuses et douces.\u00a0 Quand on parle de l'axe cr\u00e2nio-sacr\u00e9, on parle aussi des structures qui y sont li\u00e9es comme le diaphragme, les visc\u00e8res, le p\u00e9rin\u00e9e, ...<\/p>\n<p>&nbsp;<\/p>\n<\/div>\n<\/div><\/div><\/div><\/div><\/div>","protected":false},"excerpt":{"rendered":"<p>We are dedicated to sports medicine and focus our rehabilitation on the performance needs of our athletes as well as the prevention of sports-related injuries. Whether you are a professional, recreational or scholastic athlete, our approach to sports medicine rehabilitation services is simple: personalized care with exceptional outcomes.<\/p>\n","protected":false},"author":1,"featured_media":8283,"parent":8351,"menu_order":0,"comment_status":"closed","ping_status":"closed","template":"","meta":{"footnotes":""},"class_list":["post-8355","page","type-page","status-publish","has-post-thumbnail","hentry"],"acf":[],"_links":{"self":[{"href":"https:\/\/www.osteo-marbella.com\/fr\/wp-json\/wp\/v2\/pages\/8355","targetHints":{"allow":["GET"]}}],"collection":[{"href":"https:\/\/www.osteo-marbella.com\/fr\/wp-json\/wp\/v2\/pages"}],"about":[{"href":"https:\/\/www.osteo-marbella.com\/fr\/wp-json\/wp\/v2\/types\/page"}],"author":[{"embeddable":true,"href":"https:\/\/www.osteo-marbella.com\/fr\/wp-json\/wp\/v2\/users\/1"}],"replies":[{"embeddable":true,"href":"https:\/\/www.osteo-marbella.com\/fr\/wp-json\/wp\/v2\/comments?post=8355"}],"version-history":[{"count":7,"href":"https:\/\/www.osteo-marbella.com\/fr\/wp-json\/wp\/v2\/pages\/8355\/revisions"}],"predecessor-version":[{"id":8500,"href":"https:\/\/www.osteo-marbella.com\/fr\/wp-json\/wp\/v2\/pages\/8355\/revisions\/8500"}],"up":[{"embeddable":true,"href":"https:\/\/www.osteo-marbella.com\/fr\/wp-json\/wp\/v2\/pages\/8351"}],"wp:featuredmedia":[{"embeddable":true,"href":"https:\/\/www.osteo-marbella.com\/fr\/wp-json\/wp\/v2\/media\/8283"}],"wp:attachment":[{"href":"https:\/\/www.osteo-marbella.com\/fr\/wp-json\/wp\/v2\/media?parent=8355"}],"curies":[{"name":"wp","href":"https:\/\/api.w.org\/{rel}","templated":true}]}}