{"id":8363,"date":"2020-12-28T20:04:19","date_gmt":"2020-12-28T20:04:19","guid":{"rendered":"https:\/\/www.osteo-marbella.com\/services\/clinical-pilates\/"},"modified":"2026-01-09T00:08:23","modified_gmt":"2026-01-09T00:08:23","slug":"stop-tabac","status":"publish","type":"page","link":"https:\/\/www.osteo-marbella.com\/fr\/prestations\/stop-tabac\/","title":{"rendered":"Stop Tabac"},"content":{"rendered":"<div id=\"pl-8363\"  class=\"panel-layout\" ><div id=\"pg-8363-0\"  class=\"panel-grid panel-no-style\" ><div id=\"pgc-8363-0-0\"  class=\"panel-grid-cell\" ><div id=\"panel-8363-0-0-0\" class=\"so-panel widget widget_sow-editor panel-first-child panel-last-child\" data-index=\"0\" ><div\n\t\t\t\n\t\t\tclass=\"so-widget-sow-editor so-widget-sow-editor-base\"\n\t\t\t\n\t\t>\n<div class=\"siteorigin-widget-tinymce textwidget\">\n\t<p class=\"my-2 [&amp;+p]:mt-4 [&amp;_strong:has(+br)]:inline-block [&amp;_strong:has(+br)]:pb-2\">Vous luttez contre une d\u00e9pendance au tabac et vous souhaitez arr\u00eater de fumer ?<br \/>\nL\u2019auriculoth\u00e9rapie est une m\u00e9thode naturelle et efficace pour vous accompagner dans votre d\u00e9marche de sevrage tabagique.<\/p>\n<p class=\"my-2 [&amp;+p]:mt-4 [&amp;_strong:has(+br)]:inline-block [&amp;_strong:has(+br)]:pb-2\">En stimulant des points pr\u00e9cis de l\u2019oreille, cette th\u00e9rapie aide \u00e0 diminuer les envies de cigarette et \u00e0 att\u00e9nuer les sympt\u00f4mes de manque (nervosit\u00e9, irritabilit\u00e9, agitation).<br \/>\n\u00c0 chaque s\u00e9ance, vous pouvez ressentir un effet apaisant qui r\u00e9duit l\u2019anxi\u00e9t\u00e9, favorise la relaxation et vous aide \u00e0 traverser les premi\u00e8res semaines sans fumer plus sereinement.<\/p>\n<p class=\"my-2 [&amp;+p]:mt-4 [&amp;_strong:has(+br)]:inline-block [&amp;_strong:has(+br)]:pb-2\">L\u2019auriculoth\u00e9rapie soutient le processus de d\u00e9sintoxication en am\u00e9liorant la circulation sanguine et en stimulant la lib\u00e9ration d\u2019endorphines, les \u201chormones du bien-\u00eatre\u201d.<br \/>\nElle contribue \u00e0 r\u00e9\u00e9quilibrer le syst\u00e8me nerveux, \u00e0 stabiliser l\u2019humeur et \u00e0 renforcer votre confiance dans votre capacit\u00e9 \u00e0 arr\u00eater de fumer.<\/p>\n<p class=\"my-2 [&amp;+p]:mt-4 [&amp;_strong:has(+br)]:inline-block [&amp;_strong:has(+br)]:pb-2\">Une s\u00e9ance dure en g\u00e9n\u00e9ral une trentaine de minutes, dans un environnement calme et rassurant, propice au l\u00e2cher-prise.<br \/>\nEn compl\u00e9ment d\u2019une r\u00e9elle motivation personnelle, l\u2019auriculoth\u00e9rapie peut devenir un soutien puissant pour r\u00e9duire progressivement votre consommation puis arr\u00eater compl\u00e8tement.<\/p>\n<p class=\"my-2 [&amp;+p]:mt-4 [&amp;_strong:has(+br)]:inline-block [&amp;_strong:has(+br)]:pb-2\">S\u00fbre, non invasive et adapt\u00e9e \u00e0 de nombreux profils de fumeurs, l\u2019auriculoth\u00e9rapie peut \u00eatre un v\u00e9ritable alli\u00e9 pour dire adieu \u00e0 la cigarette.<br \/>\nFaites le premier pas vers des poumons plus sains, plus d\u2019\u00e9nergie et une vie sans tabac d\u00e8s aujourd\u2019hui.<\/p>\n<hr \/>\n<\/div>\n<\/div><\/div><\/div><\/div><div id=\"pg-8363-1\"  class=\"panel-grid panel-no-style\" ><div id=\"pgc-8363-1-0\"  class=\"panel-grid-cell\" ><div id=\"panel-8363-1-0-0\" class=\"so-panel widget widget_media_image panel-first-child\" data-index=\"1\" ><a href=\"https:\/\/www.osteo-marbella.com\/wp-content\/uploads\/2023\/07\/auriculotherapy2.jpg\"><img loading=\"lazy\" decoding=\"async\" width=\"2048\" height=\"1366\" src=\"https:\/\/www.osteo-marbella.com\/wp-content\/uploads\/2025\/11\/auriculotherapy.jpg\" class=\"image wp-image-9283  attachment-full size-full\" alt=\"\" style=\"max-width: 100%; height: auto;\" srcset=\"https:\/\/www.osteo-marbella.com\/wp-content\/uploads\/2025\/11\/auriculotherapy.jpg 2048w, https:\/\/www.osteo-marbella.com\/wp-content\/uploads\/2025\/11\/auriculotherapy-300x200.jpg 300w, https:\/\/www.osteo-marbella.com\/wp-content\/uploads\/2025\/11\/auriculotherapy-1024x683.jpg 1024w, https:\/\/www.osteo-marbella.com\/wp-content\/uploads\/2025\/11\/auriculotherapy-768x512.jpg 768w, https:\/\/www.osteo-marbella.com\/wp-content\/uploads\/2025\/11\/auriculotherapy-1536x1025.jpg 1536w, https:\/\/www.osteo-marbella.com\/wp-content\/uploads\/2025\/11\/auriculotherapy-360x240.jpg 360w, https:\/\/www.osteo-marbella.com\/wp-content\/uploads\/2025\/11\/auriculotherapy-850x567.jpg 850w, https:\/\/www.osteo-marbella.com\/wp-content\/uploads\/2025\/11\/auriculotherapy-600x400.jpg 600w, https:\/\/www.osteo-marbella.com\/wp-content\/uploads\/2025\/11\/auriculotherapy-272x182.jpg 272w\" sizes=\"auto, (max-width: 2048px) 100vw, 2048px\" \/><\/a><\/div><div id=\"panel-8363-1-0-1\" class=\"so-panel widget widget_sow-editor panel-last-child\" data-index=\"2\" ><div\n\t\t\t\n\t\t\tclass=\"so-widget-sow-editor so-widget-sow-editor-base\"\n\t\t\t\n\t\t><h3 class=\"widget-title\">Qu'est-ce que l'auriculoth\u00e9rapie pour arr\u00eater de fumer ?<\/h3>\n<div class=\"siteorigin-widget-tinymce textwidget\">\n\t<div class=\"prose dark:prose-invert inline leading-relaxed break-words min-w-0 [word-break:break-word] prose-strong:font-medium [&amp;_&gt;*:first-child]:mt-0\">\n<p class=\"my-2 [&amp;+p]:mt-4 [&amp;_strong:has(+br)]:inline-block [&amp;_strong:has(+br)]:pb-2\">L'auriculoth\u00e9rapie est une th\u00e9rapie douce et non invasive qui stimule des points sp\u00e9cifiques de l'oreille pour vous aider \u00e0 arr\u00eater la cigarette. Inspir\u00e9e des techniques m\u00e9dicales chinoises et valid\u00e9e par la pratique moderne, l'auriculoth\u00e9rapie cible l'oreille comme une carte r\u00e9flexe du corps, notamment du syst\u00e8me nerveux et des poumons.<\/p>\n<p class=\"my-2 [&amp;+p]:mt-4 [&amp;_strong:has(+br)]:inline-block [&amp;_strong:has(+br)]:pb-2\">En stimulant les points anti-tabac de l'oreille, l'auriculoth\u00e9rapie agit directement sur les envies de fumer et les sympt\u00f4mes de sevrage. Elle r\u00e9duit efficacement la nervosit\u00e9, l'irritabilit\u00e9 et l'anxi\u00e9t\u00e9 typiques des premi\u00e8res semaines sans cigarette.<\/p>\n<p class=\"my-2 [&amp;+p]:mt-4 [&amp;_strong:has(+br)]:inline-block [&amp;_strong:has(+br)]:pb-2\">Cette th\u00e9rapie active votre syst\u00e8me nerveux parasympathique pour lib\u00e9rer des endorphines naturelles \u2013 les \"hormones du bien-\u00eatre\" \u2013 qui compensent le manque de nicotine et stabilisent votre humeur. L'auriculoth\u00e9rapie r\u00e9\u00e9quilibre ainsi votre organisme perturb\u00e9 par des ann\u00e9es de tabagisme.<\/p>\n<p class=\"my-2 [&amp;+p]:mt-4 [&amp;_strong:has(+br)]:inline-block [&amp;_strong:has(+br)]:pb-2\">Particuli\u00e8rement efficace pour le sevrage tabagique, elle diminue les pulsions, am\u00e9liore le sommeil perturb\u00e9 par l'arr\u00eat et soutient votre motivation \u00e0 rester non-fumeur. S\u00fbre, indolore et sans effets secondaires, l'auriculoth\u00e9rapie est un alli\u00e9 naturel et puissant dans votre combat contre la d\u00e9pendance \u00e0 la nicotine.<\/p>\n<p class=\"my-2 [&amp;+p]:mt-4 [&amp;_strong:has(+br)]:inline-block [&amp;_strong:has(+br)]:pb-2\">Compl\u00e9ment id\u00e9al de votre volont\u00e9 d'arr\u00eater, l'auriculoth\u00e9rapie multiplie vos chances de succ\u00e8s durable pour des poumons sains et une nouvelle libert\u00e9 respiratoire.<\/p>\n<\/div>\n<\/div>\n<\/div><\/div><\/div><div id=\"pgc-8363-1-1\"  class=\"panel-grid-cell\" ><div id=\"panel-8363-1-1-0\" class=\"so-panel widget widget_media_image panel-first-child\" data-index=\"3\" ><a href=\"https:\/\/www.osteo-marbella.com\/wp-content\/uploads\/2025\/11\/auriculotherapy2.jpg\"><img loading=\"lazy\" decoding=\"async\" width=\"2048\" height=\"1366\" src=\"https:\/\/www.osteo-marbella.com\/wp-content\/uploads\/2025\/11\/auriculotherapy2.jpg\" class=\"image wp-image-9286  attachment-full size-full\" alt=\"\" style=\"max-width: 100%; height: auto;\" srcset=\"https:\/\/www.osteo-marbella.com\/wp-content\/uploads\/2025\/11\/auriculotherapy2.jpg 2048w, https:\/\/www.osteo-marbella.com\/wp-content\/uploads\/2025\/11\/auriculotherapy2-300x200.jpg 300w, https:\/\/www.osteo-marbella.com\/wp-content\/uploads\/2025\/11\/auriculotherapy2-1024x683.jpg 1024w, https:\/\/www.osteo-marbella.com\/wp-content\/uploads\/2025\/11\/auriculotherapy2-768x512.jpg 768w, https:\/\/www.osteo-marbella.com\/wp-content\/uploads\/2025\/11\/auriculotherapy2-1536x1025.jpg 1536w, https:\/\/www.osteo-marbella.com\/wp-content\/uploads\/2025\/11\/auriculotherapy2-360x240.jpg 360w, https:\/\/www.osteo-marbella.com\/wp-content\/uploads\/2025\/11\/auriculotherapy2-850x567.jpg 850w, https:\/\/www.osteo-marbella.com\/wp-content\/uploads\/2025\/11\/auriculotherapy2-600x400.jpg 600w, https:\/\/www.osteo-marbella.com\/wp-content\/uploads\/2025\/11\/auriculotherapy2-272x182.jpg 272w\" sizes=\"auto, (max-width: 2048px) 100vw, 2048px\" \/><\/a><\/div><div id=\"panel-8363-1-1-1\" class=\"so-panel widget widget_sow-editor panel-last-child\" data-index=\"4\" ><div\n\t\t\t\n\t\t\tclass=\"so-widget-sow-editor so-widget-sow-editor-base\"\n\t\t\t\n\t\t><h3 class=\"widget-title\">Approche personnalis\u00e9e pour arr\u00eater de fumer !<\/h3>\n<div class=\"siteorigin-widget-tinymce textwidget\">\n\t<p class=\"my-2 [&amp;+p]:mt-4 [&amp;_strong:has(+br)]:inline-block [&amp;_strong:has(+br)]:pb-2\">L'auriculoth\u00e9rapie offre une approche personnalis\u00e9e et naturelle pour vous aider \u00e0 arr\u00eater la cigarette en ciblant des points pr\u00e9cis de l'oreille anti-tabac.<\/p>\n<p class=\"my-2 [&amp;+p]:mt-4 [&amp;_strong:has(+br)]:inline-block [&amp;_strong:has(+br)]:pb-2\">Chaque traitement est adapt\u00e9 \u00e0\u00a0<strong>votre niveau de d\u00e9pendance<\/strong>,\u00a0<strong>votre consommation quotidienne<\/strong>\u00a0et\u00a0<strong>vos sympt\u00f4mes de sevrage sp\u00e9cifiques<\/strong>\u00a0pour maximiser vos chances de succ\u00e8s.<\/p>\n<p class=\"my-2 [&amp;+p]:mt-4 [&amp;_strong:has(+br)]:inline-block [&amp;_strong:has(+br)]:pb-2\">Cette th\u00e9rapie douce agit directement sur les\u00a0<strong>envies de fumer<\/strong>,\u00a0<strong>l'anxi\u00e9t\u00e9 de manque<\/strong>\u00a0et\u00a0<strong>l'irritabilit\u00e9<\/strong>\u00a0des premi\u00e8res semaines sans nicotine.<\/p>\n<p class=\"my-2 [&amp;+p]:mt-4 [&amp;_strong:has(+br)]:inline-block [&amp;_strong:has(+br)]:pb-2\">En stimulant le syst\u00e8me nerveux parasympathique, elle favorise la lib\u00e9ration d'<strong>endorphines naturelles<\/strong>\u00a0qui compensent le manque et stabilisent votre humeur.<\/p>\n<p class=\"my-2 [&amp;+p]:mt-4 [&amp;_strong:has(+br)]:inline-block [&amp;_strong:has(+br)]:pb-2\">Les s\u00e9ances sont\u00a0<strong>s\u00fbres, indolores et sans m\u00e9dicaments<\/strong>, con\u00e7ues pour renforcer votre\u00a0<strong>motivation personnelle<\/strong>\u00a0et soutenir votre\u00a0<strong>libert\u00e9 respiratoire<\/strong>.<\/p>\n<p class=\"my-2 [&amp;+p]:mt-4 [&amp;_strong:has(+br)]:inline-block [&amp;_strong:has(+br)]:pb-2\">D\u00e9couvrez d\u00e8s aujourd'hui un\u00a0<strong>chemin personnalis\u00e9 vers une vie sans tabac<\/strong>\u00a0gr\u00e2ce \u00e0 l'auriculoth\u00e9rapie !<\/p>\n<p>&nbsp;<\/p>\n<p>&nbsp;<\/p>\n<p>&nbsp;<\/p>\n<\/div>\n<\/div><\/div><\/div><\/div><\/div>","protected":false},"excerpt":{"rendered":"<p>Le Pilates est un programme d&rsquo;exercices con\u00e7u pour stimuler les muscles profonds de la colonne vert\u00e9brale, ou muscles centraux, afin qu&rsquo;ils fonctionnent plus efficacement. Les exercices Pilates ont \u00e9t\u00e9 initialement d\u00e9velopp\u00e9s pour aider les personnes en r\u00e9\u00e9ducation apr\u00e8s une blessure <\/p>\n","protected":false},"author":1,"featured_media":9284,"parent":8351,"menu_order":0,"comment_status":"closed","ping_status":"closed","template":"","meta":{"footnotes":""},"class_list":["post-8363","page","type-page","status-publish","has-post-thumbnail","hentry"],"acf":[],"_links":{"self":[{"href":"https:\/\/www.osteo-marbella.com\/fr\/wp-json\/wp\/v2\/pages\/8363","targetHints":{"allow":["GET"]}}],"collection":[{"href":"https:\/\/www.osteo-marbella.com\/fr\/wp-json\/wp\/v2\/pages"}],"about":[{"href":"https:\/\/www.osteo-marbella.com\/fr\/wp-json\/wp\/v2\/types\/page"}],"author":[{"embeddable":true,"href":"https:\/\/www.osteo-marbella.com\/fr\/wp-json\/wp\/v2\/users\/1"}],"replies":[{"embeddable":true,"href":"https:\/\/www.osteo-marbella.com\/fr\/wp-json\/wp\/v2\/comments?post=8363"}],"version-history":[{"count":9,"href":"https:\/\/www.osteo-marbella.com\/fr\/wp-json\/wp\/v2\/pages\/8363\/revisions"}],"predecessor-version":[{"id":9421,"href":"https:\/\/www.osteo-marbella.com\/fr\/wp-json\/wp\/v2\/pages\/8363\/revisions\/9421"}],"up":[{"embeddable":true,"href":"https:\/\/www.osteo-marbella.com\/fr\/wp-json\/wp\/v2\/pages\/8351"}],"wp:featuredmedia":[{"embeddable":true,"href":"https:\/\/www.osteo-marbella.com\/fr\/wp-json\/wp\/v2\/media\/9284"}],"wp:attachment":[{"href":"https:\/\/www.osteo-marbella.com\/fr\/wp-json\/wp\/v2\/media?parent=8363"}],"curies":[{"name":"wp","href":"https:\/\/api.w.org\/{rel}","templated":true}]}}