{"id":8429,"date":"2020-11-25T21:38:30","date_gmt":"2020-11-25T21:38:30","guid":{"rendered":"https:\/\/www.osteo-marbella.com\/about-us\/"},"modified":"2023-07-28T22:31:13","modified_gmt":"2023-07-28T22:31:13","slug":"quand-consulter","status":"publish","type":"page","link":"https:\/\/www.osteo-marbella.com\/fr\/quand-consulter\/","title":{"rendered":"Quand consulter"},"content":{"rendered":"<div id=\"pl-8429\"  class=\"panel-layout\" ><div id=\"pg-8429-0\"  class=\"panel-grid panel-no-style\" ><div id=\"pgc-8429-0-0\"  class=\"panel-grid-cell\" ><div id=\"panel-8429-0-0-0\" class=\"so-panel widget widget_sow-editor panel-first-child\" data-index=\"0\" ><div\n\t\t\t\n\t\t\tclass=\"so-widget-sow-editor so-widget-sow-editor-base\"\n\t\t\t\n\t\t><h3 class=\"widget-title\">Ma Vision<\/h3>\n<div class=\"siteorigin-widget-tinymce textwidget\">\n\t<p>Renforcer la sant\u00e9 par un mode de vie sain est une bonne chose.\u00a0 Qu'est-ce qu'on entend par un mode vie sain ?\u00a0 Quatre crit\u00e8res !<\/p>\n<ul>\n<li>Manger \u00e9quilibr\u00e9<\/li>\n<li>Faire de l'activit\u00e9 physique<\/li>\n<li>\u00c9vacuer ses \u00e9motions<\/li>\n<li>Faire de la pr\u00e9vention sant\u00e9<\/li>\n<\/ul>\n<p>Il est en r\u00e9sultera une meilleur capacit\u00e9 d'autogu\u00e9rison et une meilleure r\u00e9cup\u00e9ration du corps.<\/p>\n<\/div>\n<\/div><\/div><div id=\"panel-8429-0-0-1\" class=\"so-panel widget widget_sow-editor panel-last-child\" data-index=\"1\" ><div\n\t\t\t\n\t\t\tclass=\"so-widget-sow-editor so-widget-sow-editor-base\"\n\t\t\t\n\t\t><h3 class=\"widget-title\">Ma Philosophie<\/h3>\n<div class=\"siteorigin-widget-tinymce textwidget\">\n\t<p>Je m'engage \u00e0 fournir des prestations de th\u00e9rapie de haute qualit\u00e9 avec du mat\u00e9riels professionnels.<\/p>\n<p>La combinaison de plusieurs techniques th\u00e9rapeutiques augmente la capacit\u00e9 d'auto-gu\u00e9rison de l'organisme sans oublier que l'id\u00e9al est de faire de la pr\u00e9vention, une s\u00e9ance \u00e0 chaque changement de saison.<\/p>\n<p>&nbsp;<\/p>\n<\/div>\n<\/div><\/div><\/div><div id=\"pgc-8429-0-1\"  class=\"panel-grid-cell\" ><div id=\"panel-8429-0-1-0\" class=\"so-panel widget widget_sow-editor panel-first-child panel-last-child\" data-index=\"2\" ><div\n\t\t\t\n\t\t\tclass=\"so-widget-sow-editor so-widget-sow-editor-base\"\n\t\t\t\n\t\t><h3 class=\"widget-title\">Ma Mission<\/h3>\n<div class=\"siteorigin-widget-tinymce textwidget\">\n\t<p>En tant que professionnel de la sant\u00e9, je m'engage \u00e0 aider mes patients \u00e0 reprendre leur qu\u00eate de sant\u00e9, de forme physique et de bien-\u00eatre tout au long de leur vie.<\/p>\n<p><span style=\"color: #56afd5; font-size: 15px;\"><strong>Approche de qualit\u00e9<br \/>\n<\/strong><\/span><\/p>\n<p>J'adopte une approche de sant\u00e9 ax\u00e9e sur les objectifs. Quels que soient vos objectifs, je mets tout en \u0153uvre pour vous aider \u00e0 les atteindre<\/p>\n<p><span style=\"color: #56afd5; font-size: 15px;\"><strong>Prendre soins de mes patients<br \/>\n<\/strong><\/span><\/p>\n<p>Je fourni un traitement le plus adapt\u00e9 et je fais une petite \u00e9ducation \u00e0 la sant\u00e9, vous permettant de devenir acteur de votre sant\u00e9.<\/p>\n<p><span style=\"color: #56afd5; font-size: 15px;\"><strong>Vision professionnelle<br \/>\n<\/strong><\/span><\/p>\n<p>Je cumule plusieurs ann\u00e9es d'exp\u00e9rience et je continue \u00e0 suivre des formations dans le domaine de la sant\u00e9 afin de vous offrir des traitements \u00e0 larges spectres.<\/p>\n<\/div>\n<\/div><\/div><\/div><div id=\"pgc-8429-0-2\"  class=\"panel-grid-cell\" ><div id=\"panel-8429-0-2-0\" class=\"so-panel widget widget_media_image panel-first-child panel-last-child\" data-index=\"3\" ><a href=\"https:\/\/www.osteo-marbella.com\/wp-content\/uploads\/2023\/07\/table-1.jpg\"><img loading=\"lazy\" decoding=\"async\" width=\"360\" height=\"508\" src=\"https:\/\/www.osteo-marbella.com\/wp-content\/uploads\/2023\/07\/table-1.jpg\" class=\"image wp-image-8594  attachment-full size-full\" alt=\"\" style=\"max-width: 100%; height: auto;\" srcset=\"https:\/\/www.osteo-marbella.com\/wp-content\/uploads\/2023\/07\/table-1.jpg 360w, https:\/\/www.osteo-marbella.com\/wp-content\/uploads\/2023\/07\/table-1-213x300.jpg 213w\" sizes=\"auto, (max-width: 360px) 100vw, 360px\" \/><\/a><\/div><\/div><\/div><div id=\"pg-8429-1\"  class=\"panel-grid panel-no-style\" ><div id=\"pgc-8429-1-0\"  class=\"panel-grid-cell\" ><div id=\"panel-8429-1-0-0\" class=\"so-panel widget widget_sow-editor panel-first-child panel-last-child\" data-index=\"4\" ><div\n\t\t\t\n\t\t\tclass=\"so-widget-sow-editor so-widget-sow-editor-base\"\n\t\t\t\n\t\t>\n<div class=\"siteorigin-widget-tinymce textwidget\">\n\t<p><img loading=\"lazy\" decoding=\"async\" class=\"size-full wp-image-245\" src=\"https:\/\/export-xml.qreativethemes.com\/physio\/wp-content\/uploads\/sites\/3\/2015\/11\/image-divider.jpg\" alt=\"image-divider\" width=\"1144\" height=\"50\" srcset=\"https:\/\/www.osteo-marbella.com\/wp-content\/uploads\/2015\/11\/image-divider.jpg 1144w, https:\/\/www.osteo-marbella.com\/wp-content\/uploads\/2015\/11\/image-divider-600x26.jpg 600w\" sizes=\"auto, (max-width: 1144px) 100vw, 1144px\" \/><\/p>\n<\/div>\n<\/div><\/div><\/div><\/div><div id=\"pg-8429-2\"  class=\"panel-grid panel-no-style\" ><div id=\"pgc-8429-2-0\"  class=\"panel-grid-cell\" ><div id=\"panel-8429-2-0-0\" class=\"so-panel widget widget_text panel-first-child panel-last-child\" data-index=\"5\" ><h3 class=\"widget-title\">L\u00e9sions fonctionnelles<\/h3>\t\t\t<div class=\"textwidget\"><\/div>\n\t\t<\/div><\/div><\/div><div id=\"pg-8429-3\"  class=\"panel-grid panel-no-style\" ><div id=\"pgc-8429-3-0\"  class=\"panel-grid-cell\" ><div id=\"panel-8429-3-0-0\" class=\"so-panel widget widget_qt_team_member widget-team-member panel-first-child panel-last-child\" data-index=\"6\" >\n\t\t\t<div class=\"team-member\">\n\t\t\t\t\t\t\t\t\t<div class=\"team-member--image\">\n\t\t\t\t\t\t\t\t\t\t\t\t\t<img loading=\"lazy\" decoding=\"async\" width=\"460\" height=\"365\" src=\"https:\/\/www.osteo-marbella.com\/wp-content\/uploads\/2023\/07\/seance-prevention.jpg\" class=\"attachment-full size-full\" alt=\"\" srcset=\"https:\/\/www.osteo-marbella.com\/wp-content\/uploads\/2023\/07\/seance-prevention.jpg 460w, https:\/\/www.osteo-marbella.com\/wp-content\/uploads\/2023\/07\/seance-prevention-300x238.jpg 300w\" sizes=\"auto, (max-width: 460px) 100vw, 460px\" \/>\t\t\t\t\t\t\t\t\t\t\t\t\t\t\t\t\t\t<div class=\"team-member--social\">\n\t\t\t\t\t\t\t<div class=\"overlay--center\">\n\t\t\t\t\t\t\t\t\t\t\t\t\t\t\t\t\t<a href=\"https:\/\/www.facebook.com\/profile.php?id=100093044333111\" aria-label=\"Facebook\" target=\"_blank\" rel=\"noopener noreferrer\"><i class=\"fab fa-facebook-f\"><\/i><\/a>\n\t\t\t\t\t\t\t\t\t\t\t\t\t\t\t\t\t\t\t\t\t\t\t\t\t\t\t\t\t\t\t\t\t\t\t\t\t\t\t\t\t\t\t\t\t\t\t\t\t<a href=\"mailto:contact@osteo-marbella.com\" aria-label=\"Email\"><i class=\"fas fa-envelope\"><\/i><\/a>\n\t\t\t\t\t\t\t\t\t\t\t\t\t\t\t\t\t\t\t\t\t\t\t\t\t<a href=\"tel:+ 34 664 523 857\" aria-label=\"Phone\"><i class=\"fas fa-phone-alt\"><\/i><\/a>\n\t\t\t\t\t\t\t\t\t\t\t\t\t\t\t<\/div>\n\t\t\t\t\t\t<\/div>\n\t\t\t\t\t\t\t\t\t\t\t\t\t\t\t\t\t<\/div>\n\t\t\t\t\t\t\t\t<div class=\"team-member--content\">\n\t\t\t\t\t<h4 class=\"team-member--name\">\n\t\t\t\t\t\t\t\t\t\t\t\tS\u00e9ance de pr\u00e9vention\t\t\t\t\t\t\t\t\t\t\t<\/h4>\n\t\t\t\t\t\t\t\t\t\t\t\t\t\t\t\t<p class=\"team-member--description\">L\u2019ost\u00e9opathie est une m\u00e9decine naturelle avec une approche holistique.  L'ost\u00e9opathe fait un bilan global sur base d\u2019un questionnaire et de plusieurs tests \u00e0 la recherche de l'origine de la douleur.<\/p>\n\t\t\t\t\t\t\t\t\t\t\t\t\t\t<\/div>\n\t\t\t<\/div>\n\n\t\t\t<\/div><\/div><div id=\"pgc-8429-3-1\"  class=\"panel-grid-cell\" ><div id=\"panel-8429-3-1-0\" class=\"so-panel widget widget_qt_team_member widget-team-member panel-first-child panel-last-child\" data-index=\"7\" >\n\t\t\t<div class=\"team-member\">\n\t\t\t\t\t\t\t\t\t<div class=\"team-member--image\">\n\t\t\t\t\t\t\t\t\t\t\t\t\t<img loading=\"lazy\" decoding=\"async\" width=\"460\" height=\"365\" src=\"https:\/\/www.osteo-marbella.com\/wp-content\/uploads\/2023\/07\/douleur-articulaire.jpg\" class=\"attachment-full size-full\" alt=\"\" srcset=\"https:\/\/www.osteo-marbella.com\/wp-content\/uploads\/2023\/07\/douleur-articulaire.jpg 460w, https:\/\/www.osteo-marbella.com\/wp-content\/uploads\/2023\/07\/douleur-articulaire-300x238.jpg 300w\" sizes=\"auto, (max-width: 460px) 100vw, 460px\" \/>\t\t\t\t\t\t\t\t\t\t\t\t\t\t\t\t\t\t<div class=\"team-member--social\">\n\t\t\t\t\t\t\t<div class=\"overlay--center\">\n\t\t\t\t\t\t\t\t\t\t\t\t\t\t\t\t\t<a href=\"https:\/\/www.facebook.com\/profile.php?id=100093044333111\" aria-label=\"Facebook\" target=\"_blank\" rel=\"noopener noreferrer\"><i class=\"fab fa-facebook-f\"><\/i><\/a>\n\t\t\t\t\t\t\t\t\t\t\t\t\t\t\t\t\t\t\t\t\t\t\t\t\t\t\t\t\t\t\t\t\t\t\t\t\t\t\t\t\t\t\t\t\t\t\t\t\t<a href=\"mailto:contact@osteo-marbella.com\" aria-label=\"Email\"><i class=\"fas fa-envelope\"><\/i><\/a>\n\t\t\t\t\t\t\t\t\t\t\t\t\t\t\t\t\t\t\t\t\t\t\t\t\t<a href=\"tel:+ 34 664 523 857\" aria-label=\"Phone\"><i class=\"fas fa-phone-alt\"><\/i><\/a>\n\t\t\t\t\t\t\t\t\t\t\t\t\t\t\t<\/div>\n\t\t\t\t\t\t<\/div>\n\t\t\t\t\t\t\t\t\t\t\t\t\t\t\t\t\t<\/div>\n\t\t\t\t\t\t\t\t<div class=\"team-member--content\">\n\t\t\t\t\t<h4 class=\"team-member--name\">\n\t\t\t\t\t\t\t\t\t\t\t\tDouleurs articulaires\t\t\t\t\t\t\t\t\t\t\t<\/h4>\n\t\t\t\t\t\t\t\t\t\t\t\t\t\t\t\t<p class=\"team-member--description\">Ou douleurs musculo-squelettiques, qui concernent les articulations en g\u00e9n\u00e9rale ! L'ost\u00e9opathie va via des techniques de rel\u00e2chement redonner de la mobilit\u00e9 \u00e0 ces structures.<\/p>\n\t\t\t\t\t\t\t\t\t\t\t\t\t\t<\/div>\n\t\t\t<\/div>\n\n\t\t\t<\/div><\/div><div id=\"pgc-8429-3-2\"  class=\"panel-grid-cell\" ><div id=\"panel-8429-3-2-0\" class=\"so-panel widget widget_qt_team_member widget-team-member panel-first-child panel-last-child\" data-index=\"8\" >\n\t\t\t<div class=\"team-member\">\n\t\t\t\t\t\t\t\t\t<div class=\"team-member--image\">\n\t\t\t\t\t\t\t\t\t\t\t\t\t<img loading=\"lazy\" decoding=\"async\" width=\"460\" height=\"365\" src=\"https:\/\/www.osteo-marbella.com\/wp-content\/uploads\/2023\/07\/tendinitis.jpg\" class=\"attachment-full size-full\" alt=\"\" srcset=\"https:\/\/www.osteo-marbella.com\/wp-content\/uploads\/2023\/07\/tendinitis.jpg 460w, https:\/\/www.osteo-marbella.com\/wp-content\/uploads\/2023\/07\/tendinitis-300x238.jpg 300w\" sizes=\"auto, (max-width: 460px) 100vw, 460px\" \/>\t\t\t\t\t\t\t\t\t\t\t\t\t\t\t\t\t\t<div class=\"team-member--social\">\n\t\t\t\t\t\t\t<div class=\"overlay--center\">\n\t\t\t\t\t\t\t\t\t\t\t\t\t\t\t\t\t<a href=\"https:\/\/www.facebook.com\/profile.php?id=100093044333111\" aria-label=\"Facebook\" target=\"_blank\" rel=\"noopener noreferrer\"><i class=\"fab fa-facebook-f\"><\/i><\/a>\n\t\t\t\t\t\t\t\t\t\t\t\t\t\t\t\t\t\t\t\t\t\t\t\t\t\t\t\t\t\t\t\t\t\t\t\t\t\t\t\t\t\t\t\t\t\t\t\t\t<a href=\"mailto:contact@osteo-marbella.com\" aria-label=\"Email\"><i class=\"fas fa-envelope\"><\/i><\/a>\n\t\t\t\t\t\t\t\t\t\t\t\t\t\t\t\t\t\t\t\t\t\t\t\t\t<a href=\"tel:+ 34 664 523 857\" aria-label=\"Phone\"><i class=\"fas fa-phone-alt\"><\/i><\/a>\n\t\t\t\t\t\t\t\t\t\t\t\t\t\t\t<\/div>\n\t\t\t\t\t\t<\/div>\n\t\t\t\t\t\t\t\t\t\t\t\t\t\t\t\t\t<\/div>\n\t\t\t\t\t\t\t\t<div class=\"team-member--content\">\n\t\t\t\t\t<h4 class=\"team-member--name\">\n\t\t\t\t\t\t\t\t\t\t\t\tTendinopathie\t\t\t\t\t\t\t\t\t\t\t<\/h4>\n\t\t\t\t\t\t\t\t\t\t\t\t\t\t\t\t<p class=\"team-member--description\">La prise en charge d'une tendinopathie d\u00e9pendra de sa chronicit\u00e9 et de son origine.  L'ost\u00e9opathie va utiliser des techniques de mobilisation pour r\u00e9equilibrer les structures afin decharger la zone affect\u00e9e.<\/p>\n\t\t\t\t\t\t\t\t\t\t\t\t\t\t<\/div>\n\t\t\t<\/div>\n\n\t\t\t<\/div><\/div><div id=\"pgc-8429-3-3\"  class=\"panel-grid-cell\" ><div id=\"panel-8429-3-3-0\" class=\"so-panel widget widget_qt_team_member widget-team-member panel-first-child panel-last-child\" data-index=\"9\" >\n\t\t\t<div class=\"team-member\">\n\t\t\t\t\t\t\t\t\t<div class=\"team-member--image\">\n\t\t\t\t\t\t\t\t\t\t\t\t\t<img loading=\"lazy\" decoding=\"async\" width=\"460\" height=\"365\" src=\"https:\/\/www.osteo-marbella.com\/wp-content\/uploads\/2023\/07\/migraine.jpg\" class=\"attachment-full size-full\" alt=\"\" srcset=\"https:\/\/www.osteo-marbella.com\/wp-content\/uploads\/2023\/07\/migraine.jpg 460w, https:\/\/www.osteo-marbella.com\/wp-content\/uploads\/2023\/07\/migraine-300x238.jpg 300w\" sizes=\"auto, (max-width: 460px) 100vw, 460px\" \/>\t\t\t\t\t\t\t\t\t\t\t\t\t\t\t\t\t\t<div class=\"team-member--social\">\n\t\t\t\t\t\t\t<div class=\"overlay--center\">\n\t\t\t\t\t\t\t\t\t\t\t\t\t\t\t\t\t<a href=\"https:\/\/www.facebook.com\/profile.php?id=100093044333111\" aria-label=\"Facebook\" target=\"_blank\" rel=\"noopener noreferrer\"><i class=\"fab fa-facebook-f\"><\/i><\/a>\n\t\t\t\t\t\t\t\t\t\t\t\t\t\t\t\t\t\t\t\t\t\t\t\t\t\t\t\t\t\t\t\t\t\t\t\t\t\t\t\t\t\t\t\t\t\t\t\t\t<a href=\"mailto:contact@osteo-marbella.com\" aria-label=\"Email\"><i class=\"fas fa-envelope\"><\/i><\/a>\n\t\t\t\t\t\t\t\t\t\t\t\t\t\t\t\t\t\t\t\t\t\t\t\t\t<a href=\"tel:+ 34 664 523 857\" aria-label=\"Phone\"><i class=\"fas fa-phone-alt\"><\/i><\/a>\n\t\t\t\t\t\t\t\t\t\t\t\t\t\t\t<\/div>\n\t\t\t\t\t\t<\/div>\n\t\t\t\t\t\t\t\t\t\t\t\t\t\t\t\t\t<\/div>\n\t\t\t\t\t\t\t\t<div class=\"team-member--content\">\n\t\t\t\t\t<h4 class=\"team-member--name\">\n\t\t\t\t\t\t\t\t\t\t\t\tMigraine\t\t\t\t\t\t\t\t\t\t\t<\/h4>\n\t\t\t\t\t\t\t\t\t\t\t\t\t\t\t\t<p class=\"team-member--description\">Qu'elle soit en h\u00e9mi-casque ou en casque, pulsatile, ...  Elle pourrait \u00eatre li\u00e9e \u00e0 des blocages cervicales hautes affectant le nerf grand occipital.  L'ost\u00e9opathe va lib\u00e9rer ces structures par des techniques adapt\u00e9es.<\/p>\n\t\t\t\t\t\t\t\t\t\t\t\t\t\t<\/div>\n\t\t\t<\/div>\n\n\t\t\t<\/div><\/div><\/div><div id=\"pg-8429-4\"  class=\"panel-grid panel-no-style\" ><div id=\"pgc-8429-4-0\"  class=\"panel-grid-cell\" ><div id=\"panel-8429-4-0-0\" class=\"so-panel widget widget_qt_team_member widget-team-member panel-first-child panel-last-child\" data-index=\"10\" >\n\t\t\t<div class=\"team-member\">\n\t\t\t\t\t\t\t\t\t<div class=\"team-member--image\">\n\t\t\t\t\t\t\t\t\t\t\t\t\t<img loading=\"lazy\" decoding=\"async\" width=\"460\" height=\"365\" src=\"https:\/\/www.osteo-marbella.com\/wp-content\/uploads\/2023\/07\/troubles-digestifs.jpg\" class=\"attachment-full size-full\" alt=\"\" srcset=\"https:\/\/www.osteo-marbella.com\/wp-content\/uploads\/2023\/07\/troubles-digestifs.jpg 460w, https:\/\/www.osteo-marbella.com\/wp-content\/uploads\/2023\/07\/troubles-digestifs-300x238.jpg 300w\" sizes=\"auto, (max-width: 460px) 100vw, 460px\" \/>\t\t\t\t\t\t\t\t\t\t\t\t\t\t\t\t\t\t<div class=\"team-member--social\">\n\t\t\t\t\t\t\t<div class=\"overlay--center\">\n\t\t\t\t\t\t\t\t\t\t\t\t\t\t\t\t\t<a href=\"https:\/\/www.facebook.com\/profile.php?id=100093044333111\" aria-label=\"Facebook\" target=\"_blank\" rel=\"noopener noreferrer\"><i class=\"fab fa-facebook-f\"><\/i><\/a>\n\t\t\t\t\t\t\t\t\t\t\t\t\t\t\t\t\t\t\t\t\t\t\t\t\t\t\t\t\t\t\t\t\t\t\t\t\t\t\t\t\t\t\t\t\t\t\t\t\t<a href=\"mailto:contact@osteo-marbella.com\" aria-label=\"Email\"><i class=\"fas fa-envelope\"><\/i><\/a>\n\t\t\t\t\t\t\t\t\t\t\t\t\t\t\t\t\t\t\t\t\t\t\t\t\t<a href=\"tel:+ 34 664 523 857\" aria-label=\"Phone\"><i class=\"fas fa-phone-alt\"><\/i><\/a>\n\t\t\t\t\t\t\t\t\t\t\t\t\t\t\t<\/div>\n\t\t\t\t\t\t<\/div>\n\t\t\t\t\t\t\t\t\t\t\t\t\t\t\t\t\t<\/div>\n\t\t\t\t\t\t\t\t<div class=\"team-member--content\">\n\t\t\t\t\t<h4 class=\"team-member--name\">\n\t\t\t\t\t\t\t\t\t\t\t\tLes troubles digestifs\t\t\t\t\t\t\t\t\t\t\t<\/h4>\n\t\t\t\t\t\t\t\t\t\t\t\t\t\t\t\t<p class=\"team-member--description\">Reflux gastro-oesophagien (remont\u00e9e acide), br\u00fblure d'estomac, ballonement, ...  L'ost\u00e9opathie va chercher et lever les tensions qui pourraient perturber la motilit\u00e9 de l'organe concern\u00e9 par des techniques \"visc\u00e9rales\". <\/p>\n\t\t\t\t\t\t\t\t\t\t\t\t\t\t<\/div>\n\t\t\t<\/div>\n\n\t\t\t<\/div><\/div><div id=\"pgc-8429-4-1\"  class=\"panel-grid-cell\" ><div id=\"panel-8429-4-1-0\" class=\"so-panel widget widget_qt_team_member widget-team-member panel-first-child panel-last-child\" data-index=\"11\" >\n\t\t\t<div class=\"team-member\">\n\t\t\t\t\t\t\t\t\t<div class=\"team-member--image\">\n\t\t\t\t\t\t\t\t\t\t\t\t\t<img loading=\"lazy\" decoding=\"async\" width=\"460\" height=\"365\" src=\"https:\/\/www.osteo-marbella.com\/wp-content\/uploads\/2023\/07\/stress.jpg\" class=\"attachment-full size-full\" alt=\"\" srcset=\"https:\/\/www.osteo-marbella.com\/wp-content\/uploads\/2023\/07\/stress.jpg 460w, https:\/\/www.osteo-marbella.com\/wp-content\/uploads\/2023\/07\/stress-300x238.jpg 300w\" sizes=\"auto, (max-width: 460px) 100vw, 460px\" \/>\t\t\t\t\t\t\t\t\t\t\t\t\t\t\t\t\t\t<div class=\"team-member--social\">\n\t\t\t\t\t\t\t<div class=\"overlay--center\">\n\t\t\t\t\t\t\t\t\t\t\t\t\t\t\t\t\t<a href=\"https:\/\/www.facebook.com\/profile.php?id=100093044333111\" aria-label=\"Facebook\" target=\"_blank\" rel=\"noopener noreferrer\"><i class=\"fab fa-facebook-f\"><\/i><\/a>\n\t\t\t\t\t\t\t\t\t\t\t\t\t\t\t\t\t\t\t\t\t\t\t\t\t\t\t\t\t\t\t\t\t\t\t\t\t\t\t\t\t\t\t\t\t\t\t\t\t<a href=\"mailto:contact@osteo-marbella.com\" aria-label=\"Email\"><i class=\"fas fa-envelope\"><\/i><\/a>\n\t\t\t\t\t\t\t\t\t\t\t\t\t\t\t\t\t\t\t\t\t\t\t\t\t<a href=\"tel:+ 34 664 523 857\" aria-label=\"Phone\"><i class=\"fas fa-phone-alt\"><\/i><\/a>\n\t\t\t\t\t\t\t\t\t\t\t\t\t\t\t<\/div>\n\t\t\t\t\t\t<\/div>\n\t\t\t\t\t\t\t\t\t\t\t\t\t\t\t\t\t<\/div>\n\t\t\t\t\t\t\t\t<div class=\"team-member--content\">\n\t\t\t\t\t<h4 class=\"team-member--name\">\n\t\t\t\t\t\t\t\t\t\t\t\tGestion de stress\t\t\t\t\t\t\t\t\t\t\t<\/h4>\n\t\t\t\t\t\t\t\t\t\t\t\t\t\t\t\t<p class=\"team-member--description\">L\u2019ost\u00e9opathie cr\u00e2nienne sera la plus recommand\u00e9e.  Le r\u00e9\u00e9quilibrage du syst\u00e8me nerveux autonome et solliciter particuli\u00e8rement le parasympathique qui sollicite l\u2019\u00e9tat de calme et d\u2019apaisement.<\/p>\n\t\t\t\t\t\t\t\t\t\t\t\t\t\t<\/div>\n\t\t\t<\/div>\n\n\t\t\t<\/div><\/div><div id=\"pgc-8429-4-2\"  class=\"panel-grid-cell\" ><div id=\"panel-8429-4-2-0\" class=\"so-panel widget widget_qt_team_member widget-team-member panel-first-child panel-last-child\" data-index=\"12\" >\n\t\t\t<div class=\"team-member\">\n\t\t\t\t\t\t\t\t\t<div class=\"team-member--image\">\n\t\t\t\t\t\t\t\t\t\t\t\t\t<img loading=\"lazy\" decoding=\"async\" width=\"460\" height=\"365\" src=\"https:\/\/www.osteo-marbella.com\/wp-content\/uploads\/2023\/07\/atm.jpg\" class=\"attachment-full size-full\" alt=\"\" srcset=\"https:\/\/www.osteo-marbella.com\/wp-content\/uploads\/2023\/07\/atm.jpg 460w, https:\/\/www.osteo-marbella.com\/wp-content\/uploads\/2023\/07\/atm-300x238.jpg 300w\" sizes=\"auto, (max-width: 460px) 100vw, 460px\" \/>\t\t\t\t\t\t\t\t\t\t\t\t\t\t\t\t\t\t<div class=\"team-member--social\">\n\t\t\t\t\t\t\t<div class=\"overlay--center\">\n\t\t\t\t\t\t\t\t\t\t\t\t\t\t\t\t\t<a href=\"https:\/\/www.facebook.com\/profile.php?id=100093044333111\" aria-label=\"Facebook\" target=\"_blank\" rel=\"noopener noreferrer\"><i class=\"fab fa-facebook-f\"><\/i><\/a>\n\t\t\t\t\t\t\t\t\t\t\t\t\t\t\t\t\t\t\t\t\t\t\t\t\t\t\t\t\t\t\t\t\t\t\t\t\t\t\t\t\t\t\t\t\t\t\t\t\t<a href=\"mailto:contact@osteo-marbella.com\" aria-label=\"Email\"><i class=\"fas fa-envelope\"><\/i><\/a>\n\t\t\t\t\t\t\t\t\t\t\t\t\t\t\t\t\t\t\t\t\t\t\t\t\t<a href=\"tel:+ 34 664 523 857\" aria-label=\"Phone\"><i class=\"fas fa-phone-alt\"><\/i><\/a>\n\t\t\t\t\t\t\t\t\t\t\t\t\t\t\t<\/div>\n\t\t\t\t\t\t<\/div>\n\t\t\t\t\t\t\t\t\t\t\t\t\t\t\t\t\t<\/div>\n\t\t\t\t\t\t\t\t<div class=\"team-member--content\">\n\t\t\t\t\t<h4 class=\"team-member--name\">\n\t\t\t\t\t\t\t\t\t\t\t\tBruxisme\t\t\t\t\t\t\t\t\t\t\t<\/h4>\n\t\t\t\t\t\t\t\t\t\t\t\t\t\t\t\t<p class=\"team-member--description\">La bonne mobilit\u00e9 de l'articulation temporo-mandibulaire d\u00e9pend des muscles masticateurs, ces derniers pourraient faire l'objet de tension.  L'ost\u00e9opathie via des techniques cr\u00e2niennes va lib\u00e9rer les tensions provoqu\u00e9es par le bruxisme.<\/p>\n\t\t\t\t\t\t\t\t\t\t\t\t\t\t<\/div>\n\t\t\t<\/div>\n\n\t\t\t<\/div><\/div><div id=\"pgc-8429-4-3\"  class=\"panel-grid-cell\" ><div id=\"panel-8429-4-3-0\" class=\"so-panel widget widget_qt_team_member widget-team-member panel-first-child panel-last-child\" data-index=\"13\" >\n\t\t\t<div class=\"team-member\">\n\t\t\t\t\t\t\t\t\t<div class=\"team-member--image\">\n\t\t\t\t\t\t\t\t\t\t\t\t\t<img loading=\"lazy\" decoding=\"async\" width=\"460\" height=\"365\" src=\"https:\/\/www.osteo-marbella.com\/wp-content\/uploads\/2023\/07\/accouphene.jpg\" class=\"attachment-full size-full\" alt=\"\" srcset=\"https:\/\/www.osteo-marbella.com\/wp-content\/uploads\/2023\/07\/accouphene.jpg 460w, https:\/\/www.osteo-marbella.com\/wp-content\/uploads\/2023\/07\/accouphene-300x238.jpg 300w\" sizes=\"auto, (max-width: 460px) 100vw, 460px\" \/>\t\t\t\t\t\t\t\t\t\t\t\t\t\t\t\t\t\t<div class=\"team-member--social\">\n\t\t\t\t\t\t\t<div class=\"overlay--center\">\n\t\t\t\t\t\t\t\t\t\t\t\t\t\t\t\t\t<a href=\"https:\/\/www.facebook.com\/profile.php?id=100093044333111\" aria-label=\"Facebook\" target=\"_blank\" rel=\"noopener noreferrer\"><i class=\"fab fa-facebook-f\"><\/i><\/a>\n\t\t\t\t\t\t\t\t\t\t\t\t\t\t\t\t\t\t\t\t\t\t\t\t\t\t\t\t\t\t\t\t\t\t\t\t\t\t\t\t\t\t\t\t\t\t\t\t\t<a href=\"mailto:contact@osteo-marbella.com\" aria-label=\"Email\"><i class=\"fas fa-envelope\"><\/i><\/a>\n\t\t\t\t\t\t\t\t\t\t\t\t\t\t\t\t\t\t\t\t\t\t\t\t\t<a href=\"tel:+ 34 664 523 857\" aria-label=\"Phone\"><i class=\"fas fa-phone-alt\"><\/i><\/a>\n\t\t\t\t\t\t\t\t\t\t\t\t\t\t\t<\/div>\n\t\t\t\t\t\t<\/div>\n\t\t\t\t\t\t\t\t\t\t\t\t\t\t\t\t\t<\/div>\n\t\t\t\t\t\t\t\t<div class=\"team-member--content\">\n\t\t\t\t\t<h4 class=\"team-member--name\">\n\t\t\t\t\t\t\t\t\t\t\t\tLes accouph\u00e8nes\t\t\t\t\t\t\t\t\t\t\t<\/h4>\n\t\t\t\t\t\t\t\t\t\t\t\t\t\t\t\t<p class=\"team-member--description\">Apr\u00e8s un examen m\u00e9dical et en compl\u00e9ment d'un traitement m\u00e9dical, le traitement ost\u00e9opathique pourrait rel\u00e2cher les tensions qui sont \u00e0 l'origine de cette affection.<\/p>\n\t\t\t\t\t\t\t\t\t\t\t\t\t\t<\/div>\n\t\t\t<\/div>\n\n\t\t\t<\/div><\/div><\/div><\/div>","protected":false},"excerpt":{"rendered":"<p>Renforcer la sant\u00e9 par un mode de vie sain est une bonne chose.\u00a0 Qu&rsquo;est-ce qu&rsquo;on entend par un mode vie sain ?\u00a0 Quatre crit\u00e8res ! Manger \u00e9quilibr\u00e9 Faire de l&rsquo;activit\u00e9 physique \u00c9vacuer ses \u00e9motions Faire de la pr\u00e9vention sant\u00e9 Il est en r\u00e9sultera une meilleur capacit\u00e9 d&rsquo;autogu\u00e9rison et une meilleure r\u00e9cup\u00e9ration du corps. Je m&rsquo;engage [&hellip;]<\/p>\n","protected":false},"author":1,"featured_media":0,"parent":0,"menu_order":0,"comment_status":"closed","ping_status":"closed","template":"","meta":{"footnotes":""},"class_list":["post-8429","page","type-page","status-publish","hentry"],"acf":[],"_links":{"self":[{"href":"https:\/\/www.osteo-marbella.com\/fr\/wp-json\/wp\/v2\/pages\/8429","targetHints":{"allow":["GET"]}}],"collection":[{"href":"https:\/\/www.osteo-marbella.com\/fr\/wp-json\/wp\/v2\/pages"}],"about":[{"href":"https:\/\/www.osteo-marbella.com\/fr\/wp-json\/wp\/v2\/types\/page"}],"author":[{"embeddable":true,"href":"https:\/\/www.osteo-marbella.com\/fr\/wp-json\/wp\/v2\/users\/1"}],"replies":[{"embeddable":true,"href":"https:\/\/www.osteo-marbella.com\/fr\/wp-json\/wp\/v2\/comments?post=8429"}],"version-history":[{"count":61,"href":"https:\/\/www.osteo-marbella.com\/fr\/wp-json\/wp\/v2\/pages\/8429\/revisions"}],"predecessor-version":[{"id":8941,"href":"https:\/\/www.osteo-marbella.com\/fr\/wp-json\/wp\/v2\/pages\/8429\/revisions\/8941"}],"wp:attachment":[{"href":"https:\/\/www.osteo-marbella.com\/fr\/wp-json\/wp\/v2\/media?parent=8429"}],"curies":[{"name":"wp","href":"https:\/\/api.w.org\/{rel}","templated":true}]}}