{"id":8526,"date":"2020-12-03T23:30:13","date_gmt":"2020-12-03T23:30:13","guid":{"rendered":"https:\/\/www.osteo-marbella.com\/prestations\/osteopathy-2\/"},"modified":"2023-07-30T08:47:29","modified_gmt":"2023-07-30T08:47:29","slug":"osteopathie","status":"publish","type":"page","link":"https:\/\/www.osteo-marbella.com\/fr\/prestations\/osteopathie\/","title":{"rendered":"Osteopathie"},"content":{"rendered":"<div id=\"pl-8526\"  class=\"panel-layout\" ><div id=\"pg-8526-0\"  class=\"panel-grid panel-no-style\" ><div id=\"pgc-8526-0-0\"  class=\"panel-grid-cell\" ><div id=\"panel-8526-0-0-0\" class=\"so-panel widget widget_media_image panel-first-child\" data-index=\"0\" ><a href=\"https:\/\/www.osteo-marbella.com\/wp-content\/uploads\/2023\/07\/osteopathy-lombar.jpg\"><img loading=\"lazy\" decoding=\"async\" width=\"850\" height=\"567\" src=\"https:\/\/www.osteo-marbella.com\/wp-content\/uploads\/2023\/07\/osteopathy-lombar.jpg\" class=\"image wp-image-8009  attachment-full size-full\" alt=\"\" style=\"max-width: 100%; height: auto;\" srcset=\"https:\/\/www.osteo-marbella.com\/wp-content\/uploads\/2023\/07\/osteopathy-lombar.jpg 850w, https:\/\/www.osteo-marbella.com\/wp-content\/uploads\/2023\/07\/osteopathy-lombar-300x200.jpg 300w, https:\/\/www.osteo-marbella.com\/wp-content\/uploads\/2023\/07\/osteopathy-lombar-768x512.jpg 768w, https:\/\/www.osteo-marbella.com\/wp-content\/uploads\/2023\/07\/osteopathy-lombar-360x240.jpg 360w, https:\/\/www.osteo-marbella.com\/wp-content\/uploads\/2023\/07\/osteopathy-lombar-600x400.jpg 600w, https:\/\/www.osteo-marbella.com\/wp-content\/uploads\/2023\/07\/osteopathy-lombar-272x182.jpg 272w\" sizes=\"auto, (max-width: 850px) 100vw, 850px\" \/><\/a><\/div><div id=\"panel-8526-0-0-1\" class=\"so-panel widget widget_sow-editor\" data-index=\"1\" ><div\n\t\t\t\n\t\t\tclass=\"so-widget-sow-editor so-widget-sow-editor-base\"\n\t\t\t\n\t\t>\n<div class=\"siteorigin-widget-tinymce textwidget\">\n\t<p><span style=\"color: #56afd5; font-size: 15px;\"><strong>Osteopathie g\u00e9n\u00e9rale<br \/>\n<\/strong><\/span><\/p>\n<p>Douleurs du haut du dos, lombalgies, migraines, g\u00eanes digestives ou douleurs articulaires, l'ost\u00e9opathie par son approche globale permet de traiter ces types de l\u00e9sions. Par des tests biom\u00e9caniques et une approche par des techniques directes ou indirectes, l'ost\u00e9opathe d\u00e9termine la cause de ces sympt\u00f4mes afin d'agir sur les causes.<\/p>\n<\/div>\n<\/div><\/div><div id=\"panel-8526-0-0-2\" class=\"so-panel widget widget_media_image\" data-index=\"2\" ><a href=\"https:\/\/www.osteo-marbella.com\/wp-content\/uploads\/2023\/07\/osteopathy-shoulder.jpg\"><img loading=\"lazy\" decoding=\"async\" width=\"850\" height=\"567\" src=\"https:\/\/www.osteo-marbella.com\/wp-content\/uploads\/2023\/07\/osteopathy-shoulder.jpg\" class=\"image wp-image-8010  attachment-full size-full\" alt=\"\" style=\"max-width: 100%; height: auto;\" srcset=\"https:\/\/www.osteo-marbella.com\/wp-content\/uploads\/2023\/07\/osteopathy-shoulder.jpg 850w, https:\/\/www.osteo-marbella.com\/wp-content\/uploads\/2023\/07\/osteopathy-shoulder-300x200.jpg 300w, https:\/\/www.osteo-marbella.com\/wp-content\/uploads\/2023\/07\/osteopathy-shoulder-768x512.jpg 768w, https:\/\/www.osteo-marbella.com\/wp-content\/uploads\/2023\/07\/osteopathy-shoulder-360x240.jpg 360w, https:\/\/www.osteo-marbella.com\/wp-content\/uploads\/2023\/07\/osteopathy-shoulder-600x400.jpg 600w, https:\/\/www.osteo-marbella.com\/wp-content\/uploads\/2023\/07\/osteopathy-shoulder-272x182.jpg 272w\" sizes=\"auto, (max-width: 850px) 100vw, 850px\" \/><\/a><\/div><div id=\"panel-8526-0-0-3\" class=\"so-panel widget widget_sow-editor\" data-index=\"3\" ><div\n\t\t\t\n\t\t\tclass=\"so-widget-sow-editor so-widget-sow-editor-base\"\n\t\t\t\n\t\t>\n<div class=\"siteorigin-widget-tinymce textwidget\">\n\t<p><strong><span style=\"color: #56afd5; font-size: 15px;\">Osteopathie pour Sportifs<\/span><\/strong><\/p>\n<p>Faire du sport est certes bon pour la sant\u00e9, cependant la pratique d'une discipline sportive g\u00e9n\u00e8re des tensions tissulaires et articulaires qui se traduisent par des restrictions de mobilit\u00e9. L'ost\u00e9opathie va redonner de la mobilit\u00e9 aux structures articulaires pour une meilleure pratique de la discipline sportive et surtout pour \u00e9viter l'usure pr\u00e9matur\u00e9e du cartilage articulaire.<\/p>\n<\/div>\n<\/div><\/div><div id=\"panel-8526-0-0-4\" class=\"so-panel widget widget_media_image\" data-index=\"4\" ><a href=\"https:\/\/www.osteo-marbella.com\/wp-content\/uploads\/2023\/07\/osteopathy-femme-enceinte.jpg\"><img loading=\"lazy\" decoding=\"async\" width=\"850\" height=\"567\" src=\"https:\/\/www.osteo-marbella.com\/wp-content\/uploads\/2023\/07\/osteopathy-femme-enceinte.jpg\" class=\"image wp-image-8029  attachment-full size-full\" alt=\"\" style=\"max-width: 100%; height: auto;\" srcset=\"https:\/\/www.osteo-marbella.com\/wp-content\/uploads\/2023\/07\/osteopathy-femme-enceinte.jpg 850w, https:\/\/www.osteo-marbella.com\/wp-content\/uploads\/2023\/07\/osteopathy-femme-enceinte-300x200.jpg 300w, https:\/\/www.osteo-marbella.com\/wp-content\/uploads\/2023\/07\/osteopathy-femme-enceinte-768x512.jpg 768w, https:\/\/www.osteo-marbella.com\/wp-content\/uploads\/2023\/07\/osteopathy-femme-enceinte-360x240.jpg 360w, https:\/\/www.osteo-marbella.com\/wp-content\/uploads\/2023\/07\/osteopathy-femme-enceinte-600x400.jpg 600w, https:\/\/www.osteo-marbella.com\/wp-content\/uploads\/2023\/07\/osteopathy-femme-enceinte-272x182.jpg 272w\" sizes=\"auto, (max-width: 850px) 100vw, 850px\" \/><\/a><\/div><div id=\"panel-8526-0-0-5\" class=\"so-panel widget widget_sow-editor panel-last-child\" data-index=\"5\" ><div\n\t\t\t\n\t\t\tclass=\"so-widget-sow-editor so-widget-sow-editor-base\"\n\t\t\t\n\t\t>\n<div class=\"siteorigin-widget-tinymce textwidget\">\n\t<p><strong><span style=\"color: #56afd5; font-size: 15px;\">Ost\u00e9opathie pour femme enceinte<\/span><\/strong><\/p>\n<p>Durant la grossesse, le corps subit des changements biom\u00e9caniques et physiologiques importants qui donnent certains sympt\u00f4mes. L'ost\u00e9opathe utilisera des techniques douces adapt\u00e9es aux femmes enceintes, ces techniques permettront de soulager les douleurs et les d\u00e9sagr\u00e9ments li\u00e9s \u00e0 la grossesse et de pr\u00e9parer la future maman \u00e0 l'accouchement.<\/p>\n<p>&nbsp;<\/p>\n<\/div>\n<\/div><\/div><\/div><div id=\"pgc-8526-0-1\"  class=\"panel-grid-cell\" ><div id=\"panel-8526-0-1-0\" class=\"so-panel widget widget_media_image panel-first-child\" data-index=\"6\" ><a href=\"https:\/\/www.osteo-marbella.com\/wp-content\/uploads\/2023\/07\/osteopathy-pediatric.jpg\"><img loading=\"lazy\" decoding=\"async\" width=\"851\" height=\"567\" src=\"https:\/\/www.osteo-marbella.com\/wp-content\/uploads\/2023\/07\/osteopathy-pediatric.jpg\" class=\"image wp-image-8040  attachment-full size-full\" alt=\"\" style=\"max-width: 100%; height: auto;\" srcset=\"https:\/\/www.osteo-marbella.com\/wp-content\/uploads\/2023\/07\/osteopathy-pediatric.jpg 851w, https:\/\/www.osteo-marbella.com\/wp-content\/uploads\/2023\/07\/osteopathy-pediatric-300x200.jpg 300w, https:\/\/www.osteo-marbella.com\/wp-content\/uploads\/2023\/07\/osteopathy-pediatric-768x512.jpg 768w, https:\/\/www.osteo-marbella.com\/wp-content\/uploads\/2023\/07\/osteopathy-pediatric-360x240.jpg 360w, https:\/\/www.osteo-marbella.com\/wp-content\/uploads\/2023\/07\/osteopathy-pediatric-600x400.jpg 600w, https:\/\/www.osteo-marbella.com\/wp-content\/uploads\/2023\/07\/osteopathy-pediatric-272x182.jpg 272w\" sizes=\"auto, (max-width: 851px) 100vw, 851px\" \/><\/a><\/div><div id=\"panel-8526-0-1-1\" class=\"so-panel widget widget_sow-editor\" data-index=\"7\" ><div\n\t\t\t\n\t\t\tclass=\"so-widget-sow-editor so-widget-sow-editor-base\"\n\t\t\t\n\t\t>\n<div class=\"siteorigin-widget-tinymce textwidget\">\n\t<p><span style=\"color: #56afd5; font-size: 15px;\"><strong>Osteopatbie P\u00e9diatrique<br \/>\n<\/strong><\/span><\/p>\n<p>L'accouchement est un heureux \u00e9v\u00e9nement qui se passe g\u00e9n\u00e9ralement bien, cependant il peut \u00eatre \u00e0 l'origine de l\u00e9sions fonctionnelles telles que coliques, probl\u00e8mes de succion, etc. L'ost\u00e9opathe tient compte de la mobilit\u00e9 des tissus et, par des techniques tr\u00e8s douces, va rel\u00e2cher les tensions qu'il rencontre.<\/p>\n<\/div>\n<\/div><\/div><div id=\"panel-8526-0-1-2\" class=\"so-panel widget widget_media_image\" data-index=\"8\" ><a href=\"https:\/\/www.osteo-marbella.com\/wp-content\/uploads\/2023\/07\/osteopathy-postural.jpg\"><img loading=\"lazy\" decoding=\"async\" width=\"851\" height=\"567\" src=\"https:\/\/www.osteo-marbella.com\/wp-content\/uploads\/2023\/07\/osteopathy-postural.jpg\" class=\"image wp-image-8041  attachment-full size-full\" alt=\"\" style=\"max-width: 100%; height: auto;\" srcset=\"https:\/\/www.osteo-marbella.com\/wp-content\/uploads\/2023\/07\/osteopathy-postural.jpg 851w, https:\/\/www.osteo-marbella.com\/wp-content\/uploads\/2023\/07\/osteopathy-postural-300x200.jpg 300w, https:\/\/www.osteo-marbella.com\/wp-content\/uploads\/2023\/07\/osteopathy-postural-768x512.jpg 768w, https:\/\/www.osteo-marbella.com\/wp-content\/uploads\/2023\/07\/osteopathy-postural-360x240.jpg 360w, https:\/\/www.osteo-marbella.com\/wp-content\/uploads\/2023\/07\/osteopathy-postural-600x400.jpg 600w, https:\/\/www.osteo-marbella.com\/wp-content\/uploads\/2023\/07\/osteopathy-postural-272x182.jpg 272w\" sizes=\"auto, (max-width: 851px) 100vw, 851px\" \/><\/a><\/div><div id=\"panel-8526-0-1-3\" class=\"so-panel widget widget_sow-editor\" data-index=\"9\" ><div\n\t\t\t\n\t\t\tclass=\"so-widget-sow-editor so-widget-sow-editor-base\"\n\t\t\t\n\t\t>\n<div class=\"siteorigin-widget-tinymce textwidget\">\n\t<p><span style=\"color: #56afd5; font-size: 15px;\"><strong>Posturoth\u00e9rapie<\/strong><\/span><\/p>\n<p>La posturoth\u00e9rapie est une th\u00e9rapie qui s'int\u00e9resse aux capteurs posturaux : - sph\u00e8re oculaire - ATM (articulation temporo-mandibulaire) - pieds.<\/p>\n<p>On pourrait \u00e9galement citer les syndromes crois\u00e9s inf\u00e9rieur et sup\u00e9rieur, dans lesquels certains muscles sont suractifs et d'autres sous-actifs.<\/p>\n<\/div>\n<\/div><\/div><div id=\"panel-8526-0-1-4\" class=\"so-panel widget widget_media_image\" data-index=\"10\" ><a href=\"https:\/\/www.osteo-marbella.com\/wp-content\/uploads\/2023\/07\/osteopathy-visceres.jpg\"><img loading=\"lazy\" decoding=\"async\" width=\"851\" height=\"567\" src=\"https:\/\/www.osteo-marbella.com\/wp-content\/uploads\/2023\/07\/osteopathy-visceres.jpg\" class=\"image wp-image-8046  attachment-full size-full\" alt=\"\" style=\"max-width: 100%; height: auto;\" srcset=\"https:\/\/www.osteo-marbella.com\/wp-content\/uploads\/2023\/07\/osteopathy-visceres.jpg 851w, https:\/\/www.osteo-marbella.com\/wp-content\/uploads\/2023\/07\/osteopathy-visceres-300x200.jpg 300w, https:\/\/www.osteo-marbella.com\/wp-content\/uploads\/2023\/07\/osteopathy-visceres-768x512.jpg 768w, https:\/\/www.osteo-marbella.com\/wp-content\/uploads\/2023\/07\/osteopathy-visceres-360x240.jpg 360w, https:\/\/www.osteo-marbella.com\/wp-content\/uploads\/2023\/07\/osteopathy-visceres-600x400.jpg 600w, https:\/\/www.osteo-marbella.com\/wp-content\/uploads\/2023\/07\/osteopathy-visceres-272x182.jpg 272w\" sizes=\"auto, (max-width: 851px) 100vw, 851px\" \/><\/a><\/div><div id=\"panel-8526-0-1-5\" class=\"so-panel widget widget_sow-editor panel-last-child\" data-index=\"11\" ><div\n\t\t\t\n\t\t\tclass=\"so-widget-sow-editor so-widget-sow-editor-base\"\n\t\t\t\n\t\t>\n<div class=\"siteorigin-widget-tinymce textwidget\">\n\t<p><span style=\"color: #56afd5; font-size: 15px;\"><strong>Ost\u00e9opathie Visc\u00e9rale<br \/>\n<\/strong><\/span><\/p>\n<p>L'ost\u00e9opathie est une m\u00e9decine naturelle avec une approche holistique. Les inconforts digestives pourraient \u00eatre la cause de nombreux maux de dos !\u00a0 L'ost\u00e9opathe fait un bilan global bas\u00e9 sur un questionnaire et plusieurs tests recherchant les l\u00e9sions primaires (origine des blocages), la cha\u00eene l\u00e9sionnelle et les zones hypomobiles. Le traitement visc\u00e9ral se fait syst\u00e9matiquement lors d'une s\u00e9ance d'ost\u00e9opathie car il est souvent \u00e0 l'origine de l\u00e9sions fonctionnelles.<\/p>\n<\/div>\n<\/div><\/div><\/div><\/div><\/div>","protected":false},"excerpt":{"rendered":"<p>Physical therapy is one of the major services which we offer. Our therapists works closely with patients to help them improve their movement potential and gain a healthier and more complete way of life.<\/p>\n","protected":false},"author":1,"featured_media":8249,"parent":8351,"menu_order":0,"comment_status":"closed","ping_status":"closed","template":"","meta":{"footnotes":""},"class_list":["post-8526","page","type-page","status-publish","has-post-thumbnail","hentry"],"acf":[],"_links":{"self":[{"href":"https:\/\/www.osteo-marbella.com\/fr\/wp-json\/wp\/v2\/pages\/8526","targetHints":{"allow":["GET"]}}],"collection":[{"href":"https:\/\/www.osteo-marbella.com\/fr\/wp-json\/wp\/v2\/pages"}],"about":[{"href":"https:\/\/www.osteo-marbella.com\/fr\/wp-json\/wp\/v2\/types\/page"}],"author":[{"embeddable":true,"href":"https:\/\/www.osteo-marbella.com\/fr\/wp-json\/wp\/v2\/users\/1"}],"replies":[{"embeddable":true,"href":"https:\/\/www.osteo-marbella.com\/fr\/wp-json\/wp\/v2\/comments?post=8526"}],"version-history":[{"count":21,"href":"https:\/\/www.osteo-marbella.com\/fr\/wp-json\/wp\/v2\/pages\/8526\/revisions"}],"predecessor-version":[{"id":8974,"href":"https:\/\/www.osteo-marbella.com\/fr\/wp-json\/wp\/v2\/pages\/8526\/revisions\/8974"}],"up":[{"embeddable":true,"href":"https:\/\/www.osteo-marbella.com\/fr\/wp-json\/wp\/v2\/pages\/8351"}],"wp:featuredmedia":[{"embeddable":true,"href":"https:\/\/www.osteo-marbella.com\/fr\/wp-json\/wp\/v2\/media\/8249"}],"wp:attachment":[{"href":"https:\/\/www.osteo-marbella.com\/fr\/wp-json\/wp\/v2\/media?parent=8526"}],"curies":[{"name":"wp","href":"https:\/\/api.w.org\/{rel}","templated":true}]}}